{"id":4847,"date":"2024-07-11T12:14:00","date_gmt":"2024-07-11T09:14:00","guid":{"rendered":"https:\/\/www.cosmo-one.gr\/managementul-relatiei-cu-furnizorii-srm\/"},"modified":"2025-12-22T11:39:44","modified_gmt":"2025-12-22T08:39:44","slug":"managementul-relatiei-cu-furnizorii-srm","status":"publish","type":"page","link":"https:\/\/www.cosmo-one.gr\/ro\/managementul-relatiei-cu-furnizorii-srm\/","title":{"rendered":"Managementul Rela\u021biei cu Furnizorii | SRM"},"content":{"rendered":"<p>[et_pb_section fb_built=&#8221;1&#8243; module_class=&#8221;page-top-header-section&#8221; _builder_version=&#8221;4.21.0&#8243; _module_preset=&#8221;default&#8221; use_background_color_gradient=&#8221;on&#8221; background_color_gradient_direction=&#8221;90deg&#8221; background_color_gradient_stops=&#8221;#ffffff 37%|rgba(0,0,0,0) 70%&#8221; background_color_gradient_overlays_image=&#8221;on&#8221; background_image=&#8221;https:\/\/www.cosmo-one.gr\/wp-content\/uploads\/2023\/07\/background.jpg&#8221; global_colors_info=&#8221;{}&#8221;][et_pb_row column_structure=&#8221;2_5,3_5&#8243; use_custom_gutter=&#8221;on&#8221; make_equal=&#8221;on&#8221; module_class=&#8221;page-main-section&#8221; _builder_version=&#8221;4.24.0&#8243; _module_preset=&#8221;default&#8221; custom_css_main_element=&#8221;align-items:center;&#8221; global_colors_info=&#8221;{}&#8221;][et_pb_column type=&#8221;2_5&#8243; _builder_version=&#8221;4.21.0&#8243; _module_preset=&#8221;default&#8221; global_colors_info=&#8221;{}&#8221;][et_pb_post_title meta=&#8221;off&#8221; featured_image=&#8221;off&#8221; _builder_version=&#8221;4.27.4&#8243; _module_preset=&#8221;default&#8221; title_font=&#8221;|700|||||||&#8221; title_text_align=&#8221;left&#8221; title_text_color=&#8221;gcid-7c20a8c8-2b56-4ca5-b656-f0a2c8868597&#8243; title_font_size=&#8221;32px&#8221; global_module=&#8221;72&#8243; saved_tabs=&#8221;all&#8221; global_colors_info=&#8221;{%22gcid-7c20a8c8-2b56-4ca5-b656-f0a2c8868597%22:%91%22title_text_color%22%93}&#8221;][\/et_pb_post_title][et_pb_text module_class=&#8221;row-subtitle&#8221; _builder_version=&#8221;4.24.0&#8243; _module_preset=&#8221;default&#8221; header_3_text_color=&#8221;#000000&#8243; locked=&#8221;off&#8221; global_colors_info=&#8221;{}&#8221;]<\/p>\n<h3>Gestioneaz\u0103 eficient toate aspectele rela\u021biei cu furnizorii t\u0103i.<\/h3>\n<p>[\/et_pb_text][et_pb_text module_class=&#8221;page-header-text&#8221; _builder_version=&#8221;4.24.0&#8243; _module_preset=&#8221;default&#8221; text_font_size=&#8221;16px&#8221; custom_css_main_element=&#8221;max-width: 475px;&#8221; locked=&#8221;off&#8221; global_colors_info=&#8221;{}&#8221;]<\/p>\n<p>\u00cenregistrarea, selectarea, aprobarea \u0219i clasificarea furnizorilor printr-o singur\u0103 platform\u0103 personalizat\u0103.<\/p>\n<p>[\/et_pb_text][et_pb_button button_url=&#8221;https:\/\/www.cosmo-one.gr\/ro\/solicitati-o-prezentare\/&#8221; button_text=&#8221;Solicit\u0103 Demo&#8221; _builder_version=&#8221;4.21.0&#8243; _module_preset=&#8221;default&#8221; locked=&#8221;off&#8221; global_colors_info=&#8221;{}&#8221;][\/et_pb_button][\/et_pb_column][et_pb_column type=&#8221;3_5&#8243; _builder_version=&#8221;4.21.0&#8243; _module_preset=&#8221;default&#8221; global_colors_info=&#8221;{}&#8221;][et_pb_image src=&#8221;https:\/\/www.cosmo-one.gr\/wp-content\/uploads\/2024\/07\/cosmoONE_SQ-112.png&#8221; title_text=&#8221;cosmoONE_SQ-(112)&#8221; align=&#8221;center&#8221; _builder_version=&#8221;4.24.0&#8243; _module_preset=&#8221;default&#8221; global_colors_info=&#8221;{}&#8221;][\/et_pb_image][\/et_pb_column][\/et_pb_row][\/et_pb_section][et_pb_section fb_built=&#8221;1&#8243; _builder_version=&#8221;4.24.0&#8243; _module_preset=&#8221;default&#8221; custom_padding=&#8221;||20px||false|false&#8221; global_colors_info=&#8221;{}&#8221;][et_pb_row _builder_version=&#8221;4.21.0&#8243; _module_preset=&#8221;default&#8221; global_colors_info=&#8221;{}&#8221;][et_pb_column type=&#8221;4_4&#8243; _builder_version=&#8221;4.21.0&#8243; _module_preset=&#8221;default&#8221; global_colors_info=&#8221;{}&#8221;][et_pb_text module_class=&#8221;main-section-title&#8221; _builder_version=&#8221;4.24.0&#8243; _module_preset=&#8221;default&#8221; header_2_line_height=&#8221;1.3em&#8221; max_width=&#8221;800px&#8221; module_alignment=&#8221;center&#8221; custom_css_main_element=&#8221;max-width: 700px;||margin: 0 auto;&#8221; locked=&#8221;off&#8221; global_colors_info=&#8221;{}&#8221;]<\/p>\n<h2>Ob\u021bine beneficii opera\u021bionale <br \/>\u00een gestionarea furnizorilor.<\/h2>\n<p>[\/et_pb_text][\/et_pb_column][\/et_pb_row][et_pb_row column_structure=&#8221;1_2,1_2&#8243; make_equal=&#8221;on&#8221; _builder_version=&#8221;4.24.0&#8243; _module_preset=&#8221;default&#8221; custom_css_main_element=&#8221;align-items: center;&#8221; global_colors_info=&#8221;{}&#8221;][et_pb_column type=&#8221;1_2&#8243; _builder_version=&#8221;4.21.0&#8243; _module_preset=&#8221;default&#8221; global_colors_info=&#8221;{}&#8221;][et_pb_image src=&#8221;https:\/\/www.cosmo-one.gr\/wp-content\/uploads\/2025\/12\/ENTERSOFTONE_ePORTAL.svg&#8221; title_text=&#8221;ENTERSOFTONE_ePORTAL&#8221; _builder_version=&#8221;4.27.4&#8243; _module_preset=&#8221;default&#8221; max_height=&#8221;25px&#8221; hover_enabled=&#8221;0&#8243; global_colors_info=&#8221;{}&#8221; sticky_enabled=&#8221;0&#8243;][\/et_pb_image][et_pb_text _builder_version=&#8221;4.27.4&#8243; _module_preset=&#8221;default&#8221; text_font_size=&#8221;16px&#8221; locked=&#8221;off&#8221; global_colors_info=&#8221;{}&#8221;]<\/p>\n<p>ENTERSOFTONE ePORTAL este o platform\u0103 specializat\u0103 pentru Managementul Rela\u021biei cu Furnizorii (SRM) care faciliteaz\u0103 procesele de organizare \u0219i clasificare a informa\u021biilor despre furnizori, oferind beneficii opera\u021bionale departamentului de achizi\u021bii pentru a aduce plus-valoare business-ului t\u0103u.<\/p>\n<p>[\/et_pb_text][\/et_pb_column][et_pb_column type=&#8221;1_2&#8243; module_class=&#8221;diagonismoi-col-grid eportal&#8221; _builder_version=&#8221;4.24.0&#8243; _module_preset=&#8221;default&#8221; global_colors_info=&#8221;{}&#8221;][et_pb_text module_class=&#8221;text-boxed-gray&#8221; _builder_version=&#8221;4.24.0&#8243; _module_preset=&#8221;default&#8221; global_colors_info=&#8221;{}&#8221;]<\/p>\n<p>Acceseaz\u0103 aplica\u021biile de achizi\u021bii electronice \u0219i \u00eenregistreaz\u0103 informa\u021bii.<\/p>\n<p>[\/et_pb_text][et_pb_text module_class=&#8221;text-boxed-gray&#8221; _builder_version=&#8221;4.24.0&#8243; _module_preset=&#8221;default&#8221; global_colors_info=&#8221;{}&#8221;]<\/p>\n<p>Gestioneaz\u0103-\u021bi documentele \u0219i prime\u0219te notific\u0103ri automate de expirare.<\/p>\n<p>[\/et_pb_text][et_pb_text module_class=&#8221;text-boxed-gray&#8221; _builder_version=&#8221;4.24.0&#8243; _module_preset=&#8221;default&#8221; global_colors_info=&#8221;{}&#8221;]<\/p>\n<p>Creeaz\u0103 automat fi\u0219iere ale furnizorilor cu detalii despre companie \u0219i utilizatori.<\/p>\n<p>[\/et_pb_text][et_pb_text module_class=&#8221;text-boxed-gray&#8221; _builder_version=&#8221;4.24.0&#8243; _module_preset=&#8221;default&#8221; global_colors_info=&#8221;{}&#8221;]<\/p>\n<p>Ob\u021bine o prezentare detaliat\u0103 a profilului \u0219i a performan\u021bei furnizorilor.<\/p>\n<p>[\/et_pb_text][et_pb_text module_class=&#8221;text-boxed-gray&#8221; _builder_version=&#8221;4.24.0&#8243; _module_preset=&#8221;default&#8221; global_colors_info=&#8221;{}&#8221;]<\/p>\n<p>Clasific\u0103, selecteaz\u0103 \u0219i caut\u0103 cu u\u0219urin\u021b\u0103 furnizorii folosind categorii \u0219i multiple alte criterii.<\/p>\n<p>[\/et_pb_text][et_pb_text module_class=&#8221;text-boxed-gray&#8221; _builder_version=&#8221;4.27.4&#8243; _module_preset=&#8221;default&#8221; global_colors_info=&#8221;{}&#8221;]<\/p>\n<p>Acceseaz\u0103 Catalogul Global de Furnizori ENTERSOFTONE cu peste 15.000 de furnizori \u00eenregistra\u021bi.<\/p>\n<p>[\/et_pb_text][et_pb_text module_class=&#8221;text-boxed-gray&#8221; _builder_version=&#8221;4.24.0&#8243; _module_preset=&#8221;default&#8221; global_colors_info=&#8221;{}&#8221;]<\/p>\n<p>Comunic\u0103 direct cu furnizorii t\u0103i prin sistemul messanger<\/p>\n<p>[\/et_pb_text][et_pb_text module_class=&#8221;text-boxed-gray&#8221; _builder_version=&#8221;4.24.0&#8243; _module_preset=&#8221;default&#8221; global_colors_info=&#8221;{}&#8221;]<\/p>\n<p>Personalizeaz\u0103 \u0219i public\u0103 anun\u021buri pe pagina public\u0103 a portalului.<\/p>\n<p>[\/et_pb_text][\/et_pb_column][\/et_pb_row][\/et_pb_section][et_pb_section fb_built=&#8221;1&#8243; _builder_version=&#8221;4.24.0&#8243; _module_preset=&#8221;default&#8221; background_color=&#8221;gcid-00aecf8f-3b54-44b2-9810-74d6fc7d255c&#8221; custom_padding=&#8221;20px||20px||true|false&#8221; global_colors_info=&#8221;{%22gcid-00aecf8f-3b54-44b2-9810-74d6fc7d255c%22:%91%22background_color%22%93}&#8221;][et_pb_row column_structure=&#8221;1_2,1_2&#8243; _builder_version=&#8221;4.21.0&#8243; _module_preset=&#8221;default&#8221; global_colors_info=&#8221;{}&#8221;][et_pb_column type=&#8221;1_2&#8243; _builder_version=&#8221;4.21.0&#8243; _module_preset=&#8221;default&#8221; global_colors_info=&#8221;{}&#8221;][et_pb_blurb use_icon=&#8221;on&#8221; font_icon=&#8221;&#xf0c1;||fa||900&#8243; image_icon_width=&#8221;37px&#8221; module_class=&#8221;blurb-descr-text&#8221; _builder_version=&#8221;4.24.0&#8243; _module_preset=&#8221;default&#8221; header_text_align=&#8221;left&#8221; header_line_height=&#8221;1.3em&#8221; body_text_align=&#8221;left&#8221; header_text_align_tablet=&#8221;center&#8221; header_text_align_phone=&#8221;center&#8221; header_text_align_last_edited=&#8221;on|tablet&#8221; global_colors_info=&#8221;{}&#8221;]<\/p>\n<h4 style=\"text-align: center;\">Opereaz\u0103 platforma independent sau integrat\u0103 cu orice sistem ERP pentru o sincronizare complet\u0103 a datelor, \u00een func\u021bie de nevoile opera\u021bionale ale afacerii tale.<\/h4>\n<p>[\/et_pb_blurb][\/et_pb_column][et_pb_column type=&#8221;1_2&#8243; _builder_version=&#8221;4.21.0&#8243; _module_preset=&#8221;default&#8221; global_colors_info=&#8221;{}&#8221;][et_pb_blurb image=&#8221;https:\/\/www.cosmo-one.gr\/wp-content\/uploads\/2024\/07\/asset-11.png&#8221; module_class=&#8221;blurb-descr-text&#8221; _builder_version=&#8221;4.24.0&#8243; _module_preset=&#8221;default&#8221; header_text_align=&#8221;center&#8221; header_line_height=&#8221;1.3em&#8221; body_text_align=&#8221;left&#8221; header_text_align_tablet=&#8221;center&#8221; header_text_align_phone=&#8221;center&#8221; header_text_align_last_edited=&#8221;off|desktop&#8221; global_colors_info=&#8221;{}&#8221;]<\/p>\n<h4 style=\"text-align: center;\">Gestioneaz\u0103 interfa\u021ba exclusiv de c\u0103tre compania ta, cu op\u021biunea de a instala ePORTAL \u00een cloud-ul companiei tale.<\/h4>\n<p>[\/et_pb_blurb][\/et_pb_column][\/et_pb_row][et_pb_row _builder_version=&#8221;4.21.0&#8243; _module_preset=&#8221;default&#8221; global_colors_info=&#8221;{}&#8221;][et_pb_column type=&#8221;4_4&#8243; _builder_version=&#8221;4.21.0&#8243; _module_preset=&#8221;default&#8221; global_colors_info=&#8221;{}&#8221;][et_pb_button button_url=&#8221;https:\/\/www.cosmo-one.gr\/ro\/solicitati-o-prezentare\/&#8221; button_text=&#8221;Solicit\u0103 Demo&#8221; button_alignment=&#8221;center&#8221; _builder_version=&#8221;4.24.0&#8243; _module_preset=&#8221;default&#8221; locked=&#8221;off&#8221; global_colors_info=&#8221;{}&#8221;][\/et_pb_button][\/et_pb_column][\/et_pb_row][\/et_pb_section][et_pb_section fb_built=&#8221;1&#8243; _builder_version=&#8221;4.21.0&#8243; _module_preset=&#8221;default&#8221; global_colors_info=&#8221;{}&#8221;][et_pb_row _builder_version=&#8221;4.21.0&#8243; _module_preset=&#8221;default&#8221; global_colors_info=&#8221;{}&#8221;][et_pb_column type=&#8221;4_4&#8243; _builder_version=&#8221;4.21.0&#8243; _module_preset=&#8221;default&#8221; global_colors_info=&#8221;{}&#8221;][et_pb_text module_class=&#8221;main-section-title&#8221; _builder_version=&#8221;4.24.0&#8243; _module_preset=&#8221;default&#8221; header_2_line_height=&#8221;1.3em&#8221; max_width=&#8221;800px&#8221; module_alignment=&#8221;center&#8221; locked=&#8221;off&#8221; global_colors_info=&#8221;{}&#8221;]<\/p>\n<h2>Beneficii semnificative pentru orice companie<\/h2>\n<p>[\/et_pb_text][\/et_pb_column][\/et_pb_row][et_pb_row column_structure=&#8221;1_3,1_3,1_3&#8243; use_custom_gutter=&#8221;on&#8221; gutter_width=&#8221;2&#8243; make_equal=&#8221;on&#8221; _builder_version=&#8221;4.21.0&#8243; _module_preset=&#8221;default&#8221; global_colors_info=&#8221;{}&#8221;][et_pb_column type=&#8221;1_3&#8243; _builder_version=&#8221;4.21.0&#8243; _module_preset=&#8221;default&#8221; background_color=&#8221;gcid-7c20a8c8-2b56-4ca5-b656-f0a2c8868597&#8243; custom_padding=&#8221;20px|25px|20px|25px|true|true&#8221; global_colors_info=&#8221;{%22gcid-7c20a8c8-2b56-4ca5-b656-f0a2c8868597%22:%91%22background_color%22%93}&#8221;][et_pb_blurb image_icon_background_color=&#8221;RGBA(255,255,255,0)&#8221; image=&#8221;https:\/\/www.cosmo-one.gr\/wp-content\/uploads\/2024\/07\/mam-brand-graphics-9.png&#8221; module_class=&#8221;blurb-descr-text e-diagonismoi-titles&#8221; _builder_version=&#8221;4.24.0&#8243; _module_preset=&#8221;default&#8221; header_text_align=&#8221;center&#8221; body_text_align=&#8221;center&#8221; background_color=&#8221;gcid-7c20a8c8-2b56-4ca5-b656-f0a2c8868597&#8243; background_layout=&#8221;dark&#8221; border_width_all_image=&#8221;13px&#8221; border_color_all_image=&#8221;RGBA(255,255,255,0)&#8221; global_colors_info=&#8221;{%22gcid-7c20a8c8-2b56-4ca5-b656-f0a2c8868597%22:%91%22background_color%22%93}&#8221;]<\/p>\n<h4><strong>Cre\u0219te eficien\u021ba departamentului de achizi\u021bii.<\/strong><\/h4>\n<p>Salveaz\u0103 timp \u0219i resurse acces\u00e2nd o baz\u0103 de date extins\u0103 cu furnizori verifica\u021bi \u0219i evalua\u021bi.<\/p>\n<p>[\/et_pb_blurb][\/et_pb_column][et_pb_column type=&#8221;1_3&#8243; _builder_version=&#8221;4.21.0&#8243; _module_preset=&#8221;default&#8221; background_color=&#8221;gcid-7c20a8c8-2b56-4ca5-b656-f0a2c8868597&#8243; custom_padding=&#8221;20px|25px|20px|25px|true|true&#8221; global_colors_info=&#8221;{%22gcid-7c20a8c8-2b56-4ca5-b656-f0a2c8868597%22:%91%22background_color%22%93}&#8221;][et_pb_blurb image_icon_background_color=&#8221;RGBA(255,255,255,0)&#8221; image=&#8221;https:\/\/www.cosmo-one.gr\/wp-content\/uploads\/2024\/07\/mam-brand-graphics-10.png&#8221; module_class=&#8221;blurb-descr-text e-diagonismoi-titles&#8221; _builder_version=&#8221;4.24.0&#8243; _module_preset=&#8221;default&#8221; header_text_align=&#8221;center&#8221; body_text_align=&#8221;center&#8221; background_color=&#8221;gcid-7c20a8c8-2b56-4ca5-b656-f0a2c8868597&#8243; background_layout=&#8221;dark&#8221; border_width_all_image=&#8221;13px&#8221; border_color_all_image=&#8221;RGBA(255,255,255,0)&#8221; global_colors_info=&#8221;{%22gcid-7c20a8c8-2b56-4ca5-b656-f0a2c8868597%22:%91%22background_color%22,%22background_color%22%93}&#8221;]<\/p>\n<h4>Optimizeaz\u0103 procesele de achizi\u021bii<\/h4>\n<p>\u00cenregistreaz\u0103 u\u0219or \u0219i rapid furnizorii, \u00eentr-un mod automatizat, utiliz\u00e2nd cea mai sigur\u0103 tehnologie.<\/p>\n<p>[\/et_pb_blurb][\/et_pb_column][et_pb_column type=&#8221;1_3&#8243; _builder_version=&#8221;4.21.0&#8243; _module_preset=&#8221;default&#8221; background_color=&#8221;gcid-7c20a8c8-2b56-4ca5-b656-f0a2c8868597&#8243; custom_padding=&#8221;20px|25px|20px|25px|true|true&#8221; global_colors_info=&#8221;{%22gcid-7c20a8c8-2b56-4ca5-b656-f0a2c8868597%22:%91%22background_color%22%93}&#8221;][et_pb_blurb image_icon_background_color=&#8221;RGBA(255,255,255,0)&#8221; image=&#8221;https:\/\/www.cosmo-one.gr\/wp-content\/uploads\/2024\/07\/branding.png&#8221; module_class=&#8221;blurb-descr-text e-diagonismoi-titles&#8221; _builder_version=&#8221;4.24.0&#8243; _module_preset=&#8221;default&#8221; header_text_align=&#8221;center&#8221; body_text_align=&#8221;center&#8221; background_color=&#8221;gcid-7c20a8c8-2b56-4ca5-b656-f0a2c8868597&#8243; background_layout=&#8221;dark&#8221; border_width_all_image=&#8221;13px&#8221; border_color_all_image=&#8221;RGBA(255,255,255,0)&#8221; global_colors_info=&#8221;{%22gcid-7c20a8c8-2b56-4ca5-b656-f0a2c8868597%22:%91%22background_color%22,%22background_color%22%93}&#8221;]<\/p>\n<h4><strong>Cre\u0219te notorietatea companiei tale<\/strong><\/h4>\n<p>Personalizeaz\u0103 portalul \u00een func\u021bie de indentitatea \u0219i profilul companiei tale pentru a spori eficien\u021ba brand-ului t\u0103u.<\/p>\n<p>[\/et_pb_blurb][\/et_pb_column][\/et_pb_row][\/et_pb_section]<\/p>\n","protected":false},"excerpt":{"rendered":"<p>Gestioneaz\u0103 eficient toate aspectele rela\u021biei cu furnizorii t\u0103i.\u00cenregistrarea, selectarea, aprobarea \u0219i clasificarea furnizorilor printr-o singur\u0103 platform\u0103 personalizat\u0103.Ob\u021bine beneficii opera\u021bionale \u00een gestionarea furnizorilor.ENTERSOFTONE ePORTAL este o platform\u0103 specializat\u0103 pentru Managementul Rela\u021biei cu Furnizorii (SRM) care faciliteaz\u0103 procesele de organizare \u0219i clasificare a informa\u021biilor despre furnizori, oferind beneficii opera\u021bionale departamentului de achizi\u021bii pentru a aduce plus-valoare business-ului [&hellip;]<\/p>\n","protected":false},"author":1,"featured_media":0,"parent":0,"menu_order":0,"comment_status":"closed","ping_status":"closed","template":"","meta":{"_et_pb_use_builder":"on","_et_pb_old_content":"","_et_gb_content_width":"","inline_featured_image":false,"footnotes":""},"class_list":["post-4847","page","type-page","status-publish","hentry"],"acf":[],"yoast_head":"<!-- This site is optimized with the Yoast SEO plugin v23.0 - https:\/\/yoast.com\/wordpress\/plugins\/seo\/ -->\n<title>Managementul Rela\u021biei cu Furnizorii | SRM - ENTERSOFTONE ePROCUREMENT<\/title>\n<meta name=\"robots\" content=\"index, follow, max-snippet:-1, max-image-preview:large, max-video-preview:-1\" \/>\n<link rel=\"canonical\" href=\"https:\/\/www.cosmo-one.gr\/diachirisi-scheseon-promithefton-srm\/\" \/>\n<meta property=\"og:locale\" content=\"ro_RO\" \/>\n<meta property=\"og:type\" content=\"article\" \/>\n<meta property=\"og:title\" content=\"Managementul Rela\u021biei cu Furnizorii | SRM - ENTERSOFTONE ePROCUREMENT\" \/>\n<meta property=\"og:description\" content=\"Gestioneaz\u0103 eficient toate aspectele rela\u021biei cu furnizorii t\u0103i.\u00cenregistrarea, selectarea, aprobarea \u0219i clasificarea furnizorilor printr-o singur\u0103 platform\u0103 personalizat\u0103.Ob\u021bine beneficii opera\u021bionale \u00een gestionarea furnizorilor.ENTERSOFTONE ePORTAL este o platform\u0103 specializat\u0103 pentru Managementul Rela\u021biei cu Furnizorii (SRM) care faciliteaz\u0103 procesele de organizare \u0219i clasificare a informa\u021biilor despre furnizori, oferind beneficii opera\u021bionale departamentului de achizi\u021bii pentru a aduce plus-valoare business-ului [&hellip;]\" \/>\n<meta property=\"og:url\" content=\"https:\/\/www.cosmo-one.gr\/diachirisi-scheseon-promithefton-srm\/\" \/>\n<meta property=\"og:site_name\" content=\"ENTERSOFTONE ePROCUREMENT\" \/>\n<meta property=\"article:modified_time\" content=\"2025-12-22T08:39:44+00:00\" \/>\n<meta name=\"twitter:card\" content=\"summary_large_image\" \/>\n<meta name=\"twitter:label1\" content=\"Timp estimat pentru citire\" \/>\n\t<meta name=\"twitter:data1\" content=\"8 minute\" \/>\n<script type=\"application\/ld+json\" class=\"yoast-schema-graph\">{\"@context\":\"https:\/\/schema.org\",\"@graph\":[{\"@type\":\"WebPage\",\"@id\":\"https:\/\/www.cosmo-one.gr\/diachirisi-scheseon-promithefton-srm\/\",\"url\":\"https:\/\/www.cosmo-one.gr\/diachirisi-scheseon-promithefton-srm\/\",\"name\":\"Managementul Rela\u021biei cu Furnizorii | SRM - ENTERSOFTONE ePROCUREMENT\",\"isPartOf\":{\"@id\":\"https:\/\/www.cosmo-one.gr\/#website\"},\"datePublished\":\"2024-07-11T09:14:00+00:00\",\"dateModified\":\"2025-12-22T08:39:44+00:00\",\"breadcrumb\":{\"@id\":\"https:\/\/www.cosmo-one.gr\/diachirisi-scheseon-promithefton-srm\/#breadcrumb\"},\"inLanguage\":\"ro-RO\",\"potentialAction\":[{\"@type\":\"ReadAction\",\"target\":[\"https:\/\/www.cosmo-one.gr\/diachirisi-scheseon-promithefton-srm\/\"]}]},{\"@type\":\"BreadcrumbList\",\"@id\":\"https:\/\/www.cosmo-one.gr\/diachirisi-scheseon-promithefton-srm\/#breadcrumb\",\"itemListElement\":[{\"@type\":\"ListItem\",\"position\":1,\"name\":\"\u0391\u03c1\u03c7\u03b9\u03ba\u03ae\",\"item\":\"https:\/\/www.cosmo-one.gr\/ro\/\"},{\"@type\":\"ListItem\",\"position\":2,\"name\":\"Managementul Rela\u021biei cu Furnizorii | SRM\"}]},{\"@type\":\"WebSite\",\"@id\":\"https:\/\/www.cosmo-one.gr\/#website\",\"url\":\"https:\/\/www.cosmo-one.gr\/\",\"name\":\"ENTERSOFTONE ePROCUREMENT\",\"description\":\"\u0395\u03c6\u03b1\u03c1\u03bc\u03bf\u03b3\u03ad\u03c2 \u0397\u03bb\u03b5\u03ba\u03c4\u03c1\u03bf\u03bd\u03b9\u03ba\u03ce\u03bd \u03a0\u03c1\u03bf\u03bc\u03b7\u03b8\u03b5\u03b9\u03ce\u03bd\",\"potentialAction\":[{\"@type\":\"SearchAction\",\"target\":{\"@type\":\"EntryPoint\",\"urlTemplate\":\"https:\/\/www.cosmo-one.gr\/?s={search_term_string}\"},\"query-input\":\"required name=search_term_string\"}],\"inLanguage\":\"ro-RO\"}]}<\/script>\n<!-- \/ Yoast SEO plugin. -->","yoast_head_json":{"title":"Managementul Rela\u021biei cu Furnizorii | SRM - ENTERSOFTONE ePROCUREMENT","robots":{"index":"index","follow":"follow","max-snippet":"max-snippet:-1","max-image-preview":"max-image-preview:large","max-video-preview":"max-video-preview:-1"},"canonical":"https:\/\/www.cosmo-one.gr\/diachirisi-scheseon-promithefton-srm\/","og_locale":"ro_RO","og_type":"article","og_title":"Managementul Rela\u021biei cu Furnizorii | SRM - ENTERSOFTONE ePROCUREMENT","og_description":"Gestioneaz\u0103 eficient toate aspectele rela\u021biei cu furnizorii t\u0103i.\u00cenregistrarea, selectarea, aprobarea \u0219i clasificarea furnizorilor printr-o singur\u0103 platform\u0103 personalizat\u0103.Ob\u021bine beneficii opera\u021bionale \u00een gestionarea furnizorilor.ENTERSOFTONE ePORTAL este o platform\u0103 specializat\u0103 pentru Managementul Rela\u021biei cu Furnizorii (SRM) care faciliteaz\u0103 procesele de organizare \u0219i clasificare a informa\u021biilor despre furnizori, oferind beneficii opera\u021bionale departamentului de achizi\u021bii pentru a aduce plus-valoare business-ului [&hellip;]","og_url":"https:\/\/www.cosmo-one.gr\/diachirisi-scheseon-promithefton-srm\/","og_site_name":"ENTERSOFTONE ePROCUREMENT","article_modified_time":"2025-12-22T08:39:44+00:00","twitter_card":"summary_large_image","twitter_misc":{"Timp estimat pentru citire":"8 minute"},"schema":{"@context":"https:\/\/schema.org","@graph":[{"@type":"WebPage","@id":"https:\/\/www.cosmo-one.gr\/diachirisi-scheseon-promithefton-srm\/","url":"https:\/\/www.cosmo-one.gr\/diachirisi-scheseon-promithefton-srm\/","name":"Managementul Rela\u021biei cu Furnizorii | SRM - ENTERSOFTONE ePROCUREMENT","isPartOf":{"@id":"https:\/\/www.cosmo-one.gr\/#website"},"datePublished":"2024-07-11T09:14:00+00:00","dateModified":"2025-12-22T08:39:44+00:00","breadcrumb":{"@id":"https:\/\/www.cosmo-one.gr\/diachirisi-scheseon-promithefton-srm\/#breadcrumb"},"inLanguage":"ro-RO","potentialAction":[{"@type":"ReadAction","target":["https:\/\/www.cosmo-one.gr\/diachirisi-scheseon-promithefton-srm\/"]}]},{"@type":"BreadcrumbList","@id":"https:\/\/www.cosmo-one.gr\/diachirisi-scheseon-promithefton-srm\/#breadcrumb","itemListElement":[{"@type":"ListItem","position":1,"name":"\u0391\u03c1\u03c7\u03b9\u03ba\u03ae","item":"https:\/\/www.cosmo-one.gr\/ro\/"},{"@type":"ListItem","position":2,"name":"Managementul Rela\u021biei cu Furnizorii | SRM"}]},{"@type":"WebSite","@id":"https:\/\/www.cosmo-one.gr\/#website","url":"https:\/\/www.cosmo-one.gr\/","name":"ENTERSOFTONE ePROCUREMENT","description":"\u0395\u03c6\u03b1\u03c1\u03bc\u03bf\u03b3\u03ad\u03c2 \u0397\u03bb\u03b5\u03ba\u03c4\u03c1\u03bf\u03bd\u03b9\u03ba\u03ce\u03bd \u03a0\u03c1\u03bf\u03bc\u03b7\u03b8\u03b5\u03b9\u03ce\u03bd","potentialAction":[{"@type":"SearchAction","target":{"@type":"EntryPoint","urlTemplate":"https:\/\/www.cosmo-one.gr\/?s={search_term_string}"},"query-input":"required name=search_term_string"}],"inLanguage":"ro-RO"}]}},"_links":{"self":[{"href":"https:\/\/www.cosmo-one.gr\/ro\/wp-json\/wp\/v2\/pages\/4847","targetHints":{"allow":["GET"]}}],"collection":[{"href":"https:\/\/www.cosmo-one.gr\/ro\/wp-json\/wp\/v2\/pages"}],"about":[{"href":"https:\/\/www.cosmo-one.gr\/ro\/wp-json\/wp\/v2\/types\/page"}],"author":[{"embeddable":true,"href":"https:\/\/www.cosmo-one.gr\/ro\/wp-json\/wp\/v2\/users\/1"}],"replies":[{"embeddable":true,"href":"https:\/\/www.cosmo-one.gr\/ro\/wp-json\/wp\/v2\/comments?post=4847"}],"version-history":[{"count":6,"href":"https:\/\/www.cosmo-one.gr\/ro\/wp-json\/wp\/v2\/pages\/4847\/revisions"}],"predecessor-version":[{"id":5422,"href":"https:\/\/www.cosmo-one.gr\/ro\/wp-json\/wp\/v2\/pages\/4847\/revisions\/5422"}],"wp:attachment":[{"href":"https:\/\/www.cosmo-one.gr\/ro\/wp-json\/wp\/v2\/media?parent=4847"}],"curies":[{"name":"wp","href":"https:\/\/api.w.org\/{rel}","templated":true}]}}