{"id":3487,"date":"2023-06-01T14:21:34","date_gmt":"2023-06-01T11:21:34","guid":{"rendered":"https:\/\/www.cosmo-one.gr\/clienti\/"},"modified":"2024-05-16T13:00:09","modified_gmt":"2024-05-16T10:00:09","slug":"clienti","status":"publish","type":"page","link":"https:\/\/www.cosmo-one.gr\/ro\/clienti\/","title":{"rendered":"Clien\u021bi"},"content":{"rendered":"<p>[et_pb_section fb_built=&#8221;1&#8243; module_class=&#8221;page-top-header-section&#8221; _builder_version=&#8221;4.21.0&#8243; _module_preset=&#8221;default&#8221; use_background_color_gradient=&#8221;on&#8221; background_color_gradient_direction=&#8221;90deg&#8221; background_color_gradient_stops=&#8221;#ffffff 25%|rgba(0,0,0,0) 37%&#8221; background_color_gradient_overlays_image=&#8221;on&#8221; background_image=&#8221;https:\/\/www.cosmo-one.gr\/wp-content\/uploads\/2023\/08\/shutterstock_1791564398.jpg&#8221; background_position=&#8221;top_center&#8221; custom_padding=&#8221;260px||260px||true|false&#8221; hover_enabled=&#8221;0&#8243; global_colors_info=&#8221;{}&#8221; sticky_enabled=&#8221;0&#8243;][et_pb_row _builder_version=&#8221;4.21.0&#8243; _module_preset=&#8221;default&#8221; global_colors_info=&#8221;{}&#8221;][et_pb_column type=&#8221;4_4&#8243; _builder_version=&#8221;4.21.0&#8243; _module_preset=&#8221;default&#8221; global_colors_info=&#8221;{}&#8221;][et_pb_post_title meta=&#8221;off&#8221; featured_image=&#8221;off&#8221; _builder_version=&#8221;4.21.0&#8243; _module_preset=&#8221;default&#8221; title_font=&#8221;|700|||||||&#8221; title_text_align=&#8221;left&#8221; title_text_color=&#8221;gcid-7c20a8c8-2b56-4ca5-b656-f0a2c8868597&#8243; title_font_size=&#8221;32px&#8221; global_module=&#8221;72&#8243; saved_tabs=&#8221;all&#8221; global_colors_info=&#8221;{%22gcid-7c20a8c8-2b56-4ca5-b656-f0a2c8868597%22:%91%22title_text_color%22%93}&#8221;][\/et_pb_post_title][\/et_pb_column][\/et_pb_row][\/et_pb_section][et_pb_section fb_built=&#8221;1&#8243; disabled_on=&#8221;on|on|on&#8221; _builder_version=&#8221;4.21.0&#8243; _module_preset=&#8221;default&#8221; disabled=&#8221;on&#8221; global_colors_info=&#8221;{}&#8221;][et_pb_row _builder_version=&#8221;4.21.0&#8243; _module_preset=&#8221;default&#8221; locked=&#8221;off&#8221; global_colors_info=&#8221;{}&#8221;][et_pb_column type=&#8221;4_4&#8243; _builder_version=&#8221;4.21.0&#8243; _module_preset=&#8221;default&#8221; global_colors_info=&#8221;{}&#8221;][et_pb_text module_class=&#8221;main-section-title&#8221; _builder_version=&#8221;4.21.0&#8243; _module_preset=&#8221;default&#8221; global_colors_info=&#8221;{}&#8221;]<\/p>\n<h2>Clien\u021bi care au \u00eencredere \u00een noi<br \/>\n<\/h2>\n<p>[\/et_pb_text][\/et_pb_column][\/et_pb_row][et_pb_row _builder_version=&#8221;4.21.0&#8243; _module_preset=&#8221;default&#8221; custom_padding=&#8221;6px|||||&#8221; locked=&#8221;off&#8221; global_colors_info=&#8221;{}&#8221;][et_pb_column type=&#8221;4_4&#8243; _builder_version=&#8221;4.21.0&#8243; _module_preset=&#8221;default&#8221; global_colors_info=&#8221;{}&#8221;][et_pb_slider arrows_custom_color=&#8221;gcid-7c20a8c8-2b56-4ca5-b656-f0a2c8868597&#8243; dot_nav_custom_color=&#8221;gcid-7c20a8c8-2b56-4ca5-b656-f0a2c8868597&#8243; module_class=&#8221;pelatologio-testimonials-slider&#8221; _builder_version=&#8221;4.21.0&#8243; _module_preset=&#8221;default&#8221; body_text_color=&#8221;#000000&#8243; custom_padding=&#8221;69px||69px||true|false&#8221; global_colors_info=&#8221;{%22gcid-7c20a8c8-2b56-4ca5-b656-f0a2c8868597%22:%91%22arrows_custom_color%22,%22dot_nav_custom_color%22%93}&#8221;][et_pb_slide _builder_version=&#8221;4.21.0&#8243; _module_preset=&#8221;default&#8221; background_enable_color=&#8221;off&#8221; global_colors_info=&#8221;{}&#8221; sticky_transition=&#8221;on&#8221;]<\/p>\n<h4>Din 2017, licita\u021biile pentru folosirea simpl\u0103 a falezei \u0219i plajei de c\u0103tre Serviciile Imobiliare ale Ministerului Finan\u021belor, se desf\u0103\u0219oar\u0103 electronic prin aplica\u021biile cosmoONE care asigur\u0103 transparen\u021b\u0103, rapiditate \u0219i eficien\u021b\u0103 deplin\u0103. Acest lucru este dovedit \u0219i de cre\u0219terea rapid\u0103 a num\u0103rului de licita\u021bii desf\u0103\u0219urate pe an (61 de licita\u021bii \u00een 2017, 456 deja \u00een 2020).<\/h4>\n<div class=\"testimonial-reference\">\n<div class=\"testimonial-logo\"><img loading=\"lazy\" decoding=\"async\" src=\"https:\/\/www.cosmo-one.gr\/wp-content\/uploads\/2023\/07\/elliniki-dimokratia-ypourgeio-oikonomikon.png\" width=\"250\" height=\"54\" alt=\"\" class=\"wp-image-1369 alignnone size-full\" \/><\/div>\n<div class=\"testimonial-writer\">\n<p>Periklis Liaskovitis, Departamentul pentru Opera\u021biuni Financiare Sisteme Informa\u021bionale &#8211; Departamentul de Management al Datelor Geospa\u021biale, Ministerul Finan\u021belor<\/p>\n<\/div>\n<\/div>\n<p>[\/et_pb_slide][et_pb_slide _builder_version=&#8221;4.21.0&#8243; _module_preset=&#8221;default&#8221; background_enable_color=&#8221;off&#8221; global_colors_info=&#8221;{}&#8221; sticky_transition=&#8221;on&#8221;]<\/p>\n<h4>Operatorul Independent de Transport de Electricitate ADMIE SA a ales cosmoONE, cu scopul de a \u00eembun\u0103t\u0103\u021bi procesele de achizi\u021bii, proiectele, materialele \u0219i serviciile, \u00een contextul c\u0103ut\u0103rii continue a dezvolt\u0103rii \u0219i evolu\u021biei. Lucrul cu cosmoONE a avut multiple beneficii, cum ar fi modernizarea pentru o transparen\u021b\u0103 deplin\u0103 \u0219i economisirea resurselor \u0219i cre\u0219terea concuren\u021bei, reducerea costurilor \u0219i a duratei ciclului de achizi\u021bii prin automatizarea, simplificarea \u0219i standardizarea proceselor \u0219i accelerarea \u0219i \u00eembun\u0103t\u0103\u021birea comunic\u0103rii.<br \/>\n<\/h4>\n<div class=\"testimonial-reference\">\n<div class=\"testimonial-logo\"><img decoding=\"async\" src=\"https:\/\/www.cosmo-one.gr\/wp-content\/uploads\/2023\/06\/admhe.jpg\" \/><\/div>\n<div class=\"testimonial-writer\">\n<p>Despina A. Mesitou, Supply Chain Manager, ADMIE SA<\/p>\n<\/div>\n<\/div>\n<p>[\/et_pb_slide][et_pb_slide _builder_version=&#8221;4.21.0&#8243; _module_preset=&#8221;default&#8221; background_enable_color=&#8221;off&#8221; global_colors_info=&#8221;{}&#8221; sticky_transition=&#8221;on&#8221;]<\/p>\n<h4>Colaborarea cu cosmoONE, pe l\u00e2ng\u0103 faptul c\u0103 este pe termen lung, poate fi caracterizat\u0103 ca fiind de mare succes. Instrumentele oferite acoper\u0103 \u00een totalitate \u00eentregul spectru complex \u0219i complex al achizi\u021biilor Grupului OTE. \u00cen special, prin licita\u021biile online, am reu\u0219it \u00eempreun\u0103 s\u0103 st\u00e2rnim o concuren\u021b\u0103 s\u0103n\u0103toas\u0103 \u0219i s\u0103 ob\u021binem reduceri \u0219i economii semnificative. Echipa cosmoONE ne ascult\u0103 nevoile \u0219i evolueaz\u0103 constant pentru a oferi servicii de pionierat. OTE Group Procurement intr\u0103 \u00een a 4-a revolu\u021bie industrial\u0103 cu cosmoONE ca aliat!<br \/>\n<\/h4>\n<div class=\"testimonial-reference\">\n<div class=\"testimonial-logo\"><img decoding=\"async\" src=\"https:\/\/www.cosmo-one.gr\/wp-content\/uploads\/2023\/06\/ote.jpg\" \/><\/div>\n<div class=\"testimonial-writer\">\n<p>Vassilis Manthopoulos, Director Servicii de Achizi\u021bii \u0219i Marketing, OTE<\/p>\n<\/div>\n<\/div>\n<p>[\/et_pb_slide][et_pb_slide _builder_version=&#8221;4.21.0&#8243; _module_preset=&#8221;default&#8221; background_enable_color=&#8221;off&#8221; global_colors_info=&#8221;{}&#8221; sticky_transition=&#8221;on&#8221;]<\/p>\n<h4>cosmoONE a fost \u00eentotdeauna un partener util \u0219i valoros al Alpha Bank, \u00een efortul s\u0103u de a stabili pentru furnizorii s\u0103i o concuren\u021b\u0103 s\u0103n\u0103toas\u0103, transparen\u021b\u0103 deplin\u0103 \u00een procedurile de licita\u021bie \u0219i asigurarea de \u0219anse egale. Cooperarea pe termen lung se remarc\u0103 prin nivelul ridicat al serviciilor oferite \u0219i este considerat\u0103 complet de succes. Num\u0103rul mare de licita\u021bii electronice desf\u0103\u0219urate anual aduce beneficii financiare semnificative B\u0103ncii.<br \/>\n<\/h4>\n<div class=\"testimonial-reference\">\n<div class=\"testimonial-logo\"><img decoding=\"async\" src=\"https:\/\/www.cosmo-one.gr\/wp-content\/uploads\/2023\/06\/alpha-bank.jpg\" \/><\/div>\n<div class=\"testimonial-writer\">\n<p>Georgios Karahalios, director, Divizia Achizi\u021bii, Proprietate \u0219i Securitate, ALPHA BANK<\/p>\n<\/div>\n<\/div>\n<p>[\/et_pb_slide][et_pb_slide _builder_version=&#8221;4.21.0&#8243; _module_preset=&#8221;default&#8221; background_enable_color=&#8221;off&#8221; global_colors_info=&#8221;{}&#8221; sticky_transition=&#8221;on&#8221;]<\/p>\n<h4>Colaborarea pe care am avut-o cu cosmoONE a fost excelent\u0103. De remarcat, sentimentul ridicat al profesionalismului \u0219i angajamentul fa\u021b\u0103 de rezultat. Rezultatul a fost pozitiv, la fel ca \u0219i \u00eentregul proces.<br \/>\n<\/h4>\n<div class=\"testimonial-reference\">\n<div class=\"testimonial-logo\"><img decoding=\"async\" src=\"https:\/\/www.cosmo-one.gr\/wp-content\/uploads\/2023\/06\/alouminion-ellados.jpg\" \/><\/div>\n<div class=\"testimonial-writer\">\n<p>George Papailiou, Manager Achizi\u021bii de Materii Prime, ALUMINIU DIN GRECIA\n<\/p><\/div>\n<\/div>\n<p>[\/et_pb_slide][et_pb_slide _builder_version=&#8221;4.21.0&#8243; _module_preset=&#8221;default&#8221; background_enable_color=&#8221;off&#8221; global_colors_info=&#8221;{}&#8221; sticky_transition=&#8221;on&#8221;]<\/p>\n<h4>HELLENIC PETROLEUM Group este activ \u00eentr-o gam\u0103 larg\u0103 de activit\u0103\u021bi, fiind un factor important de afaceri pe pia\u021ba energetic\u0103 din SE Europei. \u00cen evolu\u021bia sa continu\u0103 \u0219i, mai ales, \u00een dezvoltarea continu\u0103 a tehnologiilor digitale, a ales, \u00een urm\u0103 cu un an, cosmoONE s\u0103-\u0219i \u00eembun\u0103t\u0103\u021beasc\u0103 procesele de achizi\u021bii prin Licita\u021bii Electronice (eTenders) \u0219i Licita\u021bii (eAuctions). Cu sprijinul tehnicilor specializate cosmoONE, \u00een acest timp directorii de achizi\u021bii ELPE au realizat o cre\u0219tere a productivit\u0103\u021bii lor, reduc\u00e2nd timpul \u0219i costul ciclului de achizi\u021bii. Totodat\u0103, au fost consolidate transparen\u021ba \u0219i echitatea, valori care sunt pietre de temelie \u00een procesul de achizi\u021bii al Grupului.<br \/>\n<\/h4>\n<div class=\"testimonial-reference\">\n<div class=\"testimonial-logo\"><img decoding=\"async\" src=\"https:\/\/www.cosmo-one.gr\/wp-content\/uploads\/2023\/06\/ellinika-petrelaia.jpg\" \/><\/div>\n<div class=\"testimonial-writer\">\n<p>Gerasimos Stanitsas, Senior Group Procurement Manager, HELLENIC PETROLEUM SA\n<\/p><\/div>\n<\/div>\n<p>[\/et_pb_slide][et_pb_slide _builder_version=&#8221;4.21.0&#8243; _module_preset=&#8221;default&#8221; background_enable_color=&#8221;off&#8221; global_colors_info=&#8221;{}&#8221; sticky_transition=&#8221;on&#8221;]<\/p>\n<h4>Platforma de licita\u021bii electronice a cosmoONE este un instrument important pentru compania noastr\u0103 \u00een contextul nevoilor noastre de achizi\u021bii. Folosim platforma in ultimii 7 ani cu rezultate foarte bune in ceea ce priveste preturile oferite, odata cu intensitatea crescuta a competitiei dezvoltata de candidati. Este o modalitate clar\u0103 \u0219i transparent\u0103 a procesului competitiv. Suntem complet mul\u021bumi\u021bi de experien\u021ba noastr\u0103 de p\u00e2n\u0103 acum \u0219i a\u0219tept\u0103m cu ner\u0103bdare rezultate la fel de satisf\u0103c\u0103toare \u00een viitor. O men\u021biune special\u0103 \u00eei revine echipei cosmoONE care ne sprijin\u0103 \u00een toate licita\u021biile pe care le-am desf\u0103\u0219urat prin platforma lor p\u00e2n\u0103 \u00een prezent.<br \/>\n<\/h4>\n<div class=\"testimonial-reference\">\n<div class=\"testimonial-logo\"><img decoding=\"async\" src=\"https:\/\/www.cosmo-one.gr\/wp-content\/uploads\/2023\/06\/ote-estate.jpg\" \/><\/div>\n<div class=\"testimonial-writer\">\n<p>Spyros Lazaris, CFO, OTE Estate<\/p>\n<\/div>\n<\/div>\n<p>[\/et_pb_slide][\/et_pb_slider][\/et_pb_column][\/et_pb_row][\/et_pb_section][et_pb_section fb_built=&#8221;1&#8243; _builder_version=&#8221;4.21.0&#8243; _module_preset=&#8221;default&#8221; custom_padding=&#8221;1px|||||&#8221; global_colors_info=&#8221;{}&#8221;][et_pb_row _builder_version=&#8221;4.21.0&#8243; _module_preset=&#8221;default&#8221; locked=&#8221;off&#8221; global_colors_info=&#8221;{}&#8221;][et_pb_column type=&#8221;4_4&#8243; _builder_version=&#8221;4.21.0&#8243; _module_preset=&#8221;default&#8221; global_colors_info=&#8221;{}&#8221;][et_pb_text module_class=&#8221;main-section-title&#8221; _builder_version=&#8221;4.21.0&#8243; _module_preset=&#8221;default&#8221; hover_enabled=&#8221;0&#8243; global_colors_info=&#8221;{}&#8221; disabled_on=&#8221;on|on|on&#8221; disabled=&#8221;on&#8221; sticky_enabled=&#8221;0&#8243;]<\/p>\n<h2>Lista de clien\u021bi<\/h2>\n<p>[\/et_pb_text][\/et_pb_column][\/et_pb_row][et_pb_row _builder_version=&#8221;4.21.0&#8243; _module_preset=&#8221;default&#8221; hover_enabled=&#8221;0&#8243; global_colors_info=&#8221;{}&#8221; module_class=&#8221;clients-grid&#8221; sticky_enabled=&#8221;0&#8243;][et_pb_column type=&#8221;4_4&#8243; _builder_version=&#8221;4.21.0&#8243; _module_preset=&#8221;default&#8221; global_colors_info=&#8221;{}&#8221;][et_pb_filterable_portfolio fullwidth=&#8221;off&#8221; posts_number=&#8221;200&#8243; _builder_version=&#8221;4.21.0&#8243; _module_preset=&#8221;default&#8221; global_colors_info=&#8221;{}&#8221;][\/et_pb_filterable_portfolio][\/et_pb_column][\/et_pb_row][\/et_pb_section]<\/p>\n","protected":false},"excerpt":{"rendered":"<p>Clien\u021bi care au \u00eencredere \u00een noi Din 2017, licita\u021biile pentru folosirea simpl\u0103 a falezei \u0219i plajei de c\u0103tre Serviciile Imobiliare ale Ministerului Finan\u021belor, se desf\u0103\u0219oar\u0103 electronic prin aplica\u021biile cosmoONE care asigur\u0103 transparen\u021b\u0103, rapiditate \u0219i eficien\u021b\u0103 deplin\u0103. Acest lucru este dovedit \u0219i de cre\u0219terea rapid\u0103 a num\u0103rului de licita\u021bii desf\u0103\u0219urate pe an (61 de licita\u021bii \u00een [&hellip;]<\/p>\n","protected":false},"author":1,"featured_media":0,"parent":0,"menu_order":0,"comment_status":"closed","ping_status":"closed","template":"","meta":{"_et_pb_use_builder":"on","_et_pb_old_content":"","_et_gb_content_width":"","inline_featured_image":false,"footnotes":""},"class_list":["post-3487","page","type-page","status-publish","hentry"],"acf":[],"yoast_head":"<!-- This site is optimized with the Yoast SEO plugin v23.0 - https:\/\/yoast.com\/wordpress\/plugins\/seo\/ -->\n<title>Clien\u021bi - ENTERSOFTONE ePROCUREMENT<\/title>\n<meta name=\"robots\" content=\"index, follow, max-snippet:-1, max-image-preview:large, max-video-preview:-1\" \/>\n<link rel=\"canonical\" href=\"https:\/\/www.cosmo-one.gr\/ro\/clienti\/\" \/>\n<meta property=\"og:locale\" content=\"ro_RO\" \/>\n<meta property=\"og:type\" content=\"article\" \/>\n<meta property=\"og:title\" content=\"Clien\u021bi - ENTERSOFTONE ePROCUREMENT\" \/>\n<meta property=\"og:description\" content=\"Clien\u021bi care au \u00eencredere \u00een noi Din 2017, licita\u021biile pentru folosirea simpl\u0103 a falezei \u0219i plajei de c\u0103tre Serviciile Imobiliare ale Ministerului Finan\u021belor, se desf\u0103\u0219oar\u0103 electronic prin aplica\u021biile cosmoONE care asigur\u0103 transparen\u021b\u0103, rapiditate \u0219i eficien\u021b\u0103 deplin\u0103. Acest lucru este dovedit \u0219i de cre\u0219terea rapid\u0103 a num\u0103rului de licita\u021bii desf\u0103\u0219urate pe an (61 de licita\u021bii \u00een [&hellip;]\" \/>\n<meta property=\"og:url\" content=\"https:\/\/www.cosmo-one.gr\/ro\/clienti\/\" \/>\n<meta property=\"og:site_name\" content=\"ENTERSOFTONE ePROCUREMENT\" \/>\n<meta property=\"article:modified_time\" content=\"2024-05-16T10:00:09+00:00\" \/>\n<meta property=\"og:image\" content=\"https:\/\/www.cosmo-one.gr\/wp-content\/uploads\/2023\/07\/elliniki-dimokratia-ypourgeio-oikonomikon.png\" \/>\n<meta name=\"twitter:card\" content=\"summary_large_image\" \/>\n<meta name=\"twitter:label1\" content=\"Timp estimat pentru citire\" \/>\n\t<meta name=\"twitter:data1\" content=\"6 minute\" \/>\n<script type=\"application\/ld+json\" class=\"yoast-schema-graph\">{\"@context\":\"https:\/\/schema.org\",\"@graph\":[{\"@type\":\"WebPage\",\"@id\":\"https:\/\/www.cosmo-one.gr\/ro\/clienti\/\",\"url\":\"https:\/\/www.cosmo-one.gr\/ro\/clienti\/\",\"name\":\"Clien\u021bi - ENTERSOFTONE ePROCUREMENT\",\"isPartOf\":{\"@id\":\"https:\/\/www.cosmo-one.gr\/#website\"},\"primaryImageOfPage\":{\"@id\":\"https:\/\/www.cosmo-one.gr\/ro\/clienti\/#primaryimage\"},\"image\":{\"@id\":\"https:\/\/www.cosmo-one.gr\/ro\/clienti\/#primaryimage\"},\"thumbnailUrl\":\"https:\/\/www.cosmo-one.gr\/wp-content\/uploads\/2023\/07\/elliniki-dimokratia-ypourgeio-oikonomikon.png\",\"datePublished\":\"2023-06-01T11:21:34+00:00\",\"dateModified\":\"2024-05-16T10:00:09+00:00\",\"breadcrumb\":{\"@id\":\"https:\/\/www.cosmo-one.gr\/ro\/clienti\/#breadcrumb\"},\"inLanguage\":\"ro-RO\",\"potentialAction\":[{\"@type\":\"ReadAction\",\"target\":[\"https:\/\/www.cosmo-one.gr\/ro\/clienti\/\"]}]},{\"@type\":\"ImageObject\",\"inLanguage\":\"ro-RO\",\"@id\":\"https:\/\/www.cosmo-one.gr\/ro\/clienti\/#primaryimage\",\"url\":\"https:\/\/www.cosmo-one.gr\/wp-content\/uploads\/2023\/07\/elliniki-dimokratia-ypourgeio-oikonomikon.png\",\"contentUrl\":\"https:\/\/www.cosmo-one.gr\/wp-content\/uploads\/2023\/07\/elliniki-dimokratia-ypourgeio-oikonomikon.png\"},{\"@type\":\"BreadcrumbList\",\"@id\":\"https:\/\/www.cosmo-one.gr\/ro\/clienti\/#breadcrumb\",\"itemListElement\":[{\"@type\":\"ListItem\",\"position\":1,\"name\":\"\u0391\u03c1\u03c7\u03b9\u03ba\u03ae\",\"item\":\"https:\/\/www.cosmo-one.gr\/ro\/\"},{\"@type\":\"ListItem\",\"position\":2,\"name\":\"Clien\u021bi\"}]},{\"@type\":\"WebSite\",\"@id\":\"https:\/\/www.cosmo-one.gr\/#website\",\"url\":\"https:\/\/www.cosmo-one.gr\/\",\"name\":\"ENTERSOFTONE ePROCUREMENT\",\"description\":\"\u0395\u03c6\u03b1\u03c1\u03bc\u03bf\u03b3\u03ad\u03c2 \u0397\u03bb\u03b5\u03ba\u03c4\u03c1\u03bf\u03bd\u03b9\u03ba\u03ce\u03bd \u03a0\u03c1\u03bf\u03bc\u03b7\u03b8\u03b5\u03b9\u03ce\u03bd\",\"potentialAction\":[{\"@type\":\"SearchAction\",\"target\":{\"@type\":\"EntryPoint\",\"urlTemplate\":\"https:\/\/www.cosmo-one.gr\/?s={search_term_string}\"},\"query-input\":\"required name=search_term_string\"}],\"inLanguage\":\"ro-RO\"}]}<\/script>\n<!-- \/ Yoast SEO plugin. -->","yoast_head_json":{"title":"Clien\u021bi - ENTERSOFTONE ePROCUREMENT","robots":{"index":"index","follow":"follow","max-snippet":"max-snippet:-1","max-image-preview":"max-image-preview:large","max-video-preview":"max-video-preview:-1"},"canonical":"https:\/\/www.cosmo-one.gr\/ro\/clienti\/","og_locale":"ro_RO","og_type":"article","og_title":"Clien\u021bi - ENTERSOFTONE ePROCUREMENT","og_description":"Clien\u021bi care au \u00eencredere \u00een noi Din 2017, licita\u021biile pentru folosirea simpl\u0103 a falezei \u0219i plajei de c\u0103tre Serviciile Imobiliare ale Ministerului Finan\u021belor, se desf\u0103\u0219oar\u0103 electronic prin aplica\u021biile cosmoONE care asigur\u0103 transparen\u021b\u0103, rapiditate \u0219i eficien\u021b\u0103 deplin\u0103. Acest lucru este dovedit \u0219i de cre\u0219terea rapid\u0103 a num\u0103rului de licita\u021bii desf\u0103\u0219urate pe an (61 de licita\u021bii \u00een [&hellip;]","og_url":"https:\/\/www.cosmo-one.gr\/ro\/clienti\/","og_site_name":"ENTERSOFTONE ePROCUREMENT","article_modified_time":"2024-05-16T10:00:09+00:00","og_image":[{"url":"https:\/\/www.cosmo-one.gr\/wp-content\/uploads\/2023\/07\/elliniki-dimokratia-ypourgeio-oikonomikon.png"}],"twitter_card":"summary_large_image","twitter_misc":{"Timp estimat pentru citire":"6 minute"},"schema":{"@context":"https:\/\/schema.org","@graph":[{"@type":"WebPage","@id":"https:\/\/www.cosmo-one.gr\/ro\/clienti\/","url":"https:\/\/www.cosmo-one.gr\/ro\/clienti\/","name":"Clien\u021bi - ENTERSOFTONE ePROCUREMENT","isPartOf":{"@id":"https:\/\/www.cosmo-one.gr\/#website"},"primaryImageOfPage":{"@id":"https:\/\/www.cosmo-one.gr\/ro\/clienti\/#primaryimage"},"image":{"@id":"https:\/\/www.cosmo-one.gr\/ro\/clienti\/#primaryimage"},"thumbnailUrl":"https:\/\/www.cosmo-one.gr\/wp-content\/uploads\/2023\/07\/elliniki-dimokratia-ypourgeio-oikonomikon.png","datePublished":"2023-06-01T11:21:34+00:00","dateModified":"2024-05-16T10:00:09+00:00","breadcrumb":{"@id":"https:\/\/www.cosmo-one.gr\/ro\/clienti\/#breadcrumb"},"inLanguage":"ro-RO","potentialAction":[{"@type":"ReadAction","target":["https:\/\/www.cosmo-one.gr\/ro\/clienti\/"]}]},{"@type":"ImageObject","inLanguage":"ro-RO","@id":"https:\/\/www.cosmo-one.gr\/ro\/clienti\/#primaryimage","url":"https:\/\/www.cosmo-one.gr\/wp-content\/uploads\/2023\/07\/elliniki-dimokratia-ypourgeio-oikonomikon.png","contentUrl":"https:\/\/www.cosmo-one.gr\/wp-content\/uploads\/2023\/07\/elliniki-dimokratia-ypourgeio-oikonomikon.png"},{"@type":"BreadcrumbList","@id":"https:\/\/www.cosmo-one.gr\/ro\/clienti\/#breadcrumb","itemListElement":[{"@type":"ListItem","position":1,"name":"\u0391\u03c1\u03c7\u03b9\u03ba\u03ae","item":"https:\/\/www.cosmo-one.gr\/ro\/"},{"@type":"ListItem","position":2,"name":"Clien\u021bi"}]},{"@type":"WebSite","@id":"https:\/\/www.cosmo-one.gr\/#website","url":"https:\/\/www.cosmo-one.gr\/","name":"ENTERSOFTONE ePROCUREMENT","description":"\u0395\u03c6\u03b1\u03c1\u03bc\u03bf\u03b3\u03ad\u03c2 \u0397\u03bb\u03b5\u03ba\u03c4\u03c1\u03bf\u03bd\u03b9\u03ba\u03ce\u03bd \u03a0\u03c1\u03bf\u03bc\u03b7\u03b8\u03b5\u03b9\u03ce\u03bd","potentialAction":[{"@type":"SearchAction","target":{"@type":"EntryPoint","urlTemplate":"https:\/\/www.cosmo-one.gr\/?s={search_term_string}"},"query-input":"required name=search_term_string"}],"inLanguage":"ro-RO"}]}},"_links":{"self":[{"href":"https:\/\/www.cosmo-one.gr\/ro\/wp-json\/wp\/v2\/pages\/3487","targetHints":{"allow":["GET"]}}],"collection":[{"href":"https:\/\/www.cosmo-one.gr\/ro\/wp-json\/wp\/v2\/pages"}],"about":[{"href":"https:\/\/www.cosmo-one.gr\/ro\/wp-json\/wp\/v2\/types\/page"}],"author":[{"embeddable":true,"href":"https:\/\/www.cosmo-one.gr\/ro\/wp-json\/wp\/v2\/users\/1"}],"replies":[{"embeddable":true,"href":"https:\/\/www.cosmo-one.gr\/ro\/wp-json\/wp\/v2\/comments?post=3487"}],"version-history":[{"count":5,"href":"https:\/\/www.cosmo-one.gr\/ro\/wp-json\/wp\/v2\/pages\/3487\/revisions"}],"predecessor-version":[{"id":4217,"href":"https:\/\/www.cosmo-one.gr\/ro\/wp-json\/wp\/v2\/pages\/3487\/revisions\/4217"}],"wp:attachment":[{"href":"https:\/\/www.cosmo-one.gr\/ro\/wp-json\/wp\/v2\/media?parent=3487"}],"curies":[{"name":"wp","href":"https:\/\/api.w.org\/{rel}","templated":true}]}}