{"id":3477,"date":"2023-05-26T12:48:47","date_gmt":"2023-05-26T09:48:47","guid":{"rendered":"https:\/\/www.cosmo-one.gr\/solicitati-o-prezentare\/"},"modified":"2025-12-19T14:29:35","modified_gmt":"2025-12-19T11:29:35","slug":"solicitati-o-prezentare","status":"publish","type":"page","link":"https:\/\/www.cosmo-one.gr\/ro\/solicitati-o-prezentare\/","title":{"rendered":"Solicita\u021bi o prezentare"},"content":{"rendered":"<p>[et_pb_section fb_built=&#8221;1&#8243; module_class=&#8221;page-top-header-section&#8221; _builder_version=&#8221;4.21.0&#8243; _module_preset=&#8221;default&#8221; use_background_color_gradient=&#8221;on&#8221; background_color_gradient_direction=&#8221;90deg&#8221; background_color_gradient_stops=&#8221;#ffffff 34%|rgba(0,0,0,0) 70%&#8221; background_color_gradient_overlays_image=&#8221;on&#8221; background_image=&#8221;https:\/\/www.cosmo-one.gr\/wp-content\/uploads\/2023\/09\/AdobeStock_187492298.jpg&#8221; background_position=&#8221;bottom_center&#8221; background_vertical_offset=&#8221;100%&#8221; custom_padding=&#8221;188px||188px||true|false&#8221; locked=&#8221;off&#8221; global_colors_info=&#8221;{}&#8221;][et_pb_row _builder_version=&#8221;4.21.0&#8243; _module_preset=&#8221;default&#8221; global_colors_info=&#8221;{}&#8221;][et_pb_column type=&#8221;4_4&#8243; _builder_version=&#8221;4.21.0&#8243; _module_preset=&#8221;default&#8221; global_colors_info=&#8221;{}&#8221;][et_pb_post_title meta=&#8221;off&#8221; featured_image=&#8221;off&#8221; _builder_version=&#8221;4.27.4&#8243; _module_preset=&#8221;default&#8221; title_font=&#8221;|700|||||||&#8221; title_text_align=&#8221;left&#8221; title_text_color=&#8221;gcid-7c20a8c8-2b56-4ca5-b656-f0a2c8868597&#8243; title_font_size=&#8221;32px&#8221; global_module=&#8221;72&#8243; saved_tabs=&#8221;all&#8221; global_colors_info=&#8221;{%22gcid-7c20a8c8-2b56-4ca5-b656-f0a2c8868597%22:%91%22title_text_color%22%93}&#8221;][\/et_pb_post_title][\/et_pb_column][\/et_pb_row][\/et_pb_section][et_pb_section fb_built=&#8221;1&#8243; _builder_version=&#8221;4.21.0&#8243; _module_preset=&#8221;default&#8221; global_colors_info=&#8221;{}&#8221;][et_pb_row _builder_version=&#8221;4.21.0&#8243; _module_preset=&#8221;default&#8221; global_colors_info=&#8221;{}&#8221;][et_pb_column type=&#8221;4_4&#8243; _builder_version=&#8221;4.21.0&#8243; _module_preset=&#8221;default&#8221; global_colors_info=&#8221;{}&#8221;][et_pb_text module_class=&#8221;main-section-title&#8221; _builder_version=&#8221;4.27.4&#8243; _module_preset=&#8221;default&#8221; hover_enabled=&#8221;0&#8243; global_colors_info=&#8221;{}&#8221; sticky_enabled=&#8221;0&#8243;]<\/p>\n<h2>Solicit\u0103 o prezentare a serviciilor ENTERSOFTONE<\/h2>\n<p>[\/et_pb_text][et_pb_text _builder_version=&#8221;4.27.4&#8243; _module_preset=&#8221;default&#8221; text_font_size=&#8221;15px&#8221; text_orientation=&#8221;center&#8221; hover_enabled=&#8221;0&#8243; global_colors_info=&#8221;{}&#8221; sticky_enabled=&#8221;0&#8243;]<\/p>\n<p>\u00ce\u021bi mul\u021bumim pentru interesul acordat serviciilor de achizi\u021bii electronice oferite de ENTERSOFTONE.<br \/>\u00ce\u021bi st\u0103m la dispozi\u021bie pentru a \u00ee\u021bi ar\u0103ta cum \u00ee\u021bi po\u021bi \u00eembun\u0103t\u0103\u021bi procesele de achizi\u021bie pentru a ob\u021bine o reducere a costurilor, rezultate mai bune, rapiditate \u0219i conformitate cu reglement\u0103rile \u00een vigoare cu ajutorul aplica\u021biilor ENTERSOFTONE.<\/p>\n<p>[\/et_pb_text][\/et_pb_column][\/et_pb_row][et_pb_row _builder_version=&#8221;4.21.0&#8243; _module_preset=&#8221;default&#8221; global_colors_info=&#8221;{}&#8221;][et_pb_column type=&#8221;4_4&#8243; _builder_version=&#8221;4.21.0&#8243; _module_preset=&#8221;default&#8221; global_colors_info=&#8221;{}&#8221;][et_pb_text _builder_version=&#8221;4.21.0&#8243; _module_preset=&#8221;default&#8221; text_orientation=&#8221;center&#8221; global_colors_info=&#8221;{}&#8221;]<\/p>\n<p>Te rug\u0103m s\u0103 completezi formularul de mai jos \u0219i unul dintre reprezentan\u021bii no\u0219tri te va contacta \u00een scurt timp.<\/p>\n<p>[\/et_pb_text][et_pb_text _builder_version=&#8221;4.21.0&#8243; _module_preset=&#8221;default&#8221; global_colors_info=&#8221;{}&#8221;]<\/p>\n\n<div class=\"wpcf7 no-js\" id=\"wpcf7-f3480-o1\" lang=\"ro-RO\" dir=\"ltr\">\n<div class=\"screen-reader-response\"><p role=\"status\" aria-live=\"polite\" aria-atomic=\"true\"><\/p> <ul><\/ul><\/div>\n<form action=\"\/ro\/wp-json\/wp\/v2\/pages\/3477#wpcf7-f3480-o1\" method=\"post\" class=\"wpcf7-form init\" aria-label=\"Formular de contact\" novalidate=\"novalidate\" data-status=\"init\">\n<div style=\"display: none;\">\n<input type=\"hidden\" name=\"_wpcf7\" value=\"3480\" \/>\n<input type=\"hidden\" name=\"_wpcf7_version\" value=\"5.7.7\" \/>\n<input type=\"hidden\" name=\"_wpcf7_locale\" value=\"ro_RO\" \/>\n<input type=\"hidden\" name=\"_wpcf7_unit_tag\" value=\"wpcf7-f3480-o1\" \/>\n<input type=\"hidden\" name=\"_wpcf7_container_post\" value=\"0\" \/>\n<input type=\"hidden\" name=\"_wpcf7_posted_data_hash\" value=\"\" \/>\n<input type=\"hidden\" name=\"_wpcf7cf_hidden_group_fields\" value=\"[]\" \/>\n<input type=\"hidden\" name=\"_wpcf7cf_hidden_groups\" value=\"[]\" \/>\n<input type=\"hidden\" name=\"_wpcf7cf_visible_groups\" value=\"[]\" \/>\n<input type=\"hidden\" name=\"_wpcf7cf_repeaters\" value=\"[]\" \/>\n<input type=\"hidden\" name=\"_wpcf7cf_steps\" value=\"{}\" \/>\n<input type=\"hidden\" name=\"_wpcf7cf_options\" value=\"{&quot;form_id&quot;:3480,&quot;conditions&quot;:[],&quot;settings&quot;:{&quot;animation&quot;:&quot;yes&quot;,&quot;animation_intime&quot;:200,&quot;animation_outtime&quot;:200,&quot;conditions_ui&quot;:&quot;normal&quot;,&quot;notice_dismissed&quot;:false,&quot;notice_dismissed_update-cf7-5.8.3&quot;:true}}\" \/>\n<input type=\"hidden\" name=\"_wpcf7_recaptcha_response\" value=\"\" \/>\n<\/div>\n<div class=\"request-form-fields\">\n\t<p><label> Nume*<br \/>\n<span class=\"wpcf7-form-control-wrap\" data-name=\"your-name\"><input size=\"40\" class=\"wpcf7-form-control wpcf7-text wpcf7-validates-as-required\" aria-required=\"true\" aria-invalid=\"false\" value=\"\" type=\"text\" name=\"your-name\" \/><\/span> <\/label><br \/>\n<label> Numele de familie*<br \/>\n<span class=\"wpcf7-form-control-wrap\" data-name=\"your-lastname\"><input size=\"40\" class=\"wpcf7-form-control wpcf7-text wpcf7-validates-as-required\" aria-required=\"true\" aria-invalid=\"false\" value=\"\" type=\"text\" name=\"your-lastname\" \/><\/span> <\/label>\n\t<\/p>\n<\/div>\n<div class=\"request-form-fields\">\n\t<p><label> Telefon*<br \/>\n<span class=\"wpcf7-form-control-wrap\" data-name=\"your-phone\"><input size=\"40\" class=\"wpcf7-form-control wpcf7-text wpcf7-tel wpcf7-validates-as-required wpcf7-validates-as-tel\" aria-required=\"true\" aria-invalid=\"false\" value=\"\" type=\"tel\" name=\"your-phone\" \/><\/span> <\/label><br \/>\n<label> Compania E-mail*<br \/>\n<span class=\"wpcf7-form-control-wrap\" data-name=\"your-email\"><input size=\"40\" class=\"wpcf7-form-control wpcf7-text wpcf7-email wpcf7-validates-as-required wpcf7-validates-as-email\" aria-required=\"true\" aria-invalid=\"false\" value=\"\" type=\"email\" name=\"your-email\" \/><\/span> <\/label>\n\t<\/p>\n<\/div>\n<div class=\"request-form-fields\">\n\t<p><label> Numele companiei*<br \/>\n<span class=\"wpcf7-form-control-wrap\" data-name=\"company-name\"><input size=\"40\" class=\"wpcf7-form-control wpcf7-text wpcf7-validates-as-required\" aria-required=\"true\" aria-invalid=\"false\" value=\"\" type=\"text\" name=\"company-name\" \/><\/span> <\/label><br \/>\n<label> Pozi\u021bia \u00een cadrul companiei*<br \/>\n<span class=\"wpcf7-form-control-wrap\" data-name=\"company-job\"><input size=\"40\" class=\"wpcf7-form-control wpcf7-text wpcf7-validates-as-required\" aria-required=\"true\" aria-invalid=\"false\" value=\"\" type=\"text\" name=\"company-job\" \/><\/span> <\/label>\n\t<\/p>\n<\/div>\n<p><span class=\"wpcf7-form-control-wrap\" data-name=\"acceptance-terms\"><span class=\"wpcf7-form-control wpcf7-acceptance\"><span class=\"wpcf7-list-item\"><label><input type=\"checkbox\" name=\"acceptance-terms\" value=\"1\" aria-invalid=\"false\" \/><span class=\"wpcf7-list-item-label\">Sunt de acord cu <a href=\"https:\/\/www.cosmo-one.gr\/wp-content\/uploads\/2023\/12\/Politiki-Prostasias-Proswpikwn-Dedomenwn-S1-Group.pdf\" target=\"_blank\">Politica de confiden\u021bialitate<\/a>*<\/span><\/label><\/span><\/span><\/span>\n<\/p>\n<p><input class=\"wpcf7-form-control has-spinner wpcf7-submit\" type=\"submit\" value=\"Trimite\u021bi la\" \/>\n<\/p><div class=\"wpcf7-response-output\" aria-hidden=\"true\"><\/div>\n<\/form>\n<\/div>\n\n<p>[\/et_pb_text][\/et_pb_column][\/et_pb_row][\/et_pb_section]<\/p>\n","protected":false},"excerpt":{"rendered":"<p>Solicit\u0103 o prezentare a serviciilor ENTERSOFTONE\u00ce\u021bi mul\u021bumim pentru interesul acordat serviciilor de achizi\u021bii electronice oferite de ENTERSOFTONE.\u00ce\u021bi st\u0103m la dispozi\u021bie pentru a \u00ee\u021bi ar\u0103ta cum \u00ee\u021bi po\u021bi \u00eembun\u0103t\u0103\u021bi procesele de achizi\u021bie pentru a ob\u021bine o reducere a costurilor, rezultate mai bune, rapiditate \u0219i conformitate cu reglement\u0103rile \u00een vigoare cu ajutorul aplica\u021biilor ENTERSOFTONE.Te rug\u0103m s\u0103 completezi [&hellip;]<\/p>\n","protected":false},"author":1,"featured_media":0,"parent":0,"menu_order":0,"comment_status":"closed","ping_status":"closed","template":"","meta":{"_et_pb_use_builder":"on","_et_pb_old_content":"","_et_gb_content_width":"","inline_featured_image":false,"footnotes":""},"class_list":["post-3477","page","type-page","status-publish","hentry"],"acf":[],"yoast_head":"<!-- This site is optimized with the Yoast SEO plugin v23.0 - https:\/\/yoast.com\/wordpress\/plugins\/seo\/ -->\n<title>Solicita\u021bi o prezentare - ENTERSOFTONE ePROCUREMENT<\/title>\n<meta name=\"robots\" content=\"index, follow, max-snippet:-1, max-image-preview:large, max-video-preview:-1\" \/>\n<link rel=\"canonical\" href=\"https:\/\/www.cosmo-one.gr\/demo-request\/\" \/>\n<meta property=\"og:locale\" content=\"ro_RO\" \/>\n<meta property=\"og:type\" content=\"article\" \/>\n<meta property=\"og:title\" content=\"Solicita\u021bi o prezentare - ENTERSOFTONE ePROCUREMENT\" \/>\n<meta property=\"og:description\" content=\"Solicit\u0103 o prezentare a serviciilor ENTERSOFTONE\u00ce\u021bi mul\u021bumim pentru interesul acordat serviciilor de achizi\u021bii electronice oferite de ENTERSOFTONE.\u00ce\u021bi st\u0103m la dispozi\u021bie pentru a \u00ee\u021bi ar\u0103ta cum \u00ee\u021bi po\u021bi \u00eembun\u0103t\u0103\u021bi procesele de achizi\u021bie pentru a ob\u021bine o reducere a costurilor, rezultate mai bune, rapiditate \u0219i conformitate cu reglement\u0103rile \u00een vigoare cu ajutorul aplica\u021biilor ENTERSOFTONE.Te rug\u0103m s\u0103 completezi [&hellip;]\" \/>\n<meta property=\"og:url\" content=\"https:\/\/www.cosmo-one.gr\/demo-request\/\" \/>\n<meta property=\"og:site_name\" content=\"ENTERSOFTONE ePROCUREMENT\" \/>\n<meta property=\"article:modified_time\" content=\"2025-12-19T11:29:35+00:00\" \/>\n<meta name=\"twitter:card\" content=\"summary_large_image\" \/>\n<meta name=\"twitter:label1\" content=\"Timp estimat pentru citire\" \/>\n\t<meta name=\"twitter:data1\" content=\"2 minute\" \/>\n<script type=\"application\/ld+json\" class=\"yoast-schema-graph\">{\"@context\":\"https:\/\/schema.org\",\"@graph\":[{\"@type\":\"WebPage\",\"@id\":\"https:\/\/www.cosmo-one.gr\/demo-request\/\",\"url\":\"https:\/\/www.cosmo-one.gr\/demo-request\/\",\"name\":\"Solicita\u021bi o prezentare - ENTERSOFTONE ePROCUREMENT\",\"isPartOf\":{\"@id\":\"https:\/\/www.cosmo-one.gr\/#website\"},\"datePublished\":\"2023-05-26T09:48:47+00:00\",\"dateModified\":\"2025-12-19T11:29:35+00:00\",\"breadcrumb\":{\"@id\":\"https:\/\/www.cosmo-one.gr\/demo-request\/#breadcrumb\"},\"inLanguage\":\"ro-RO\",\"potentialAction\":[{\"@type\":\"ReadAction\",\"target\":[\"https:\/\/www.cosmo-one.gr\/demo-request\/\"]}]},{\"@type\":\"BreadcrumbList\",\"@id\":\"https:\/\/www.cosmo-one.gr\/demo-request\/#breadcrumb\",\"itemListElement\":[{\"@type\":\"ListItem\",\"position\":1,\"name\":\"\u0391\u03c1\u03c7\u03b9\u03ba\u03ae\",\"item\":\"https:\/\/www.cosmo-one.gr\/ro\/\"},{\"@type\":\"ListItem\",\"position\":2,\"name\":\"Solicita\u021bi o prezentare\"}]},{\"@type\":\"WebSite\",\"@id\":\"https:\/\/www.cosmo-one.gr\/#website\",\"url\":\"https:\/\/www.cosmo-one.gr\/\",\"name\":\"ENTERSOFTONE ePROCUREMENT\",\"description\":\"\u0395\u03c6\u03b1\u03c1\u03bc\u03bf\u03b3\u03ad\u03c2 \u0397\u03bb\u03b5\u03ba\u03c4\u03c1\u03bf\u03bd\u03b9\u03ba\u03ce\u03bd \u03a0\u03c1\u03bf\u03bc\u03b7\u03b8\u03b5\u03b9\u03ce\u03bd\",\"potentialAction\":[{\"@type\":\"SearchAction\",\"target\":{\"@type\":\"EntryPoint\",\"urlTemplate\":\"https:\/\/www.cosmo-one.gr\/?s={search_term_string}\"},\"query-input\":\"required name=search_term_string\"}],\"inLanguage\":\"ro-RO\"}]}<\/script>\n<!-- \/ Yoast SEO plugin. -->","yoast_head_json":{"title":"Solicita\u021bi o prezentare - ENTERSOFTONE ePROCUREMENT","robots":{"index":"index","follow":"follow","max-snippet":"max-snippet:-1","max-image-preview":"max-image-preview:large","max-video-preview":"max-video-preview:-1"},"canonical":"https:\/\/www.cosmo-one.gr\/demo-request\/","og_locale":"ro_RO","og_type":"article","og_title":"Solicita\u021bi o prezentare - ENTERSOFTONE ePROCUREMENT","og_description":"Solicit\u0103 o prezentare a serviciilor ENTERSOFTONE\u00ce\u021bi mul\u021bumim pentru interesul acordat serviciilor de achizi\u021bii electronice oferite de ENTERSOFTONE.\u00ce\u021bi st\u0103m la dispozi\u021bie pentru a \u00ee\u021bi ar\u0103ta cum \u00ee\u021bi po\u021bi \u00eembun\u0103t\u0103\u021bi procesele de achizi\u021bie pentru a ob\u021bine o reducere a costurilor, rezultate mai bune, rapiditate \u0219i conformitate cu reglement\u0103rile \u00een vigoare cu ajutorul aplica\u021biilor ENTERSOFTONE.Te rug\u0103m s\u0103 completezi [&hellip;]","og_url":"https:\/\/www.cosmo-one.gr\/demo-request\/","og_site_name":"ENTERSOFTONE ePROCUREMENT","article_modified_time":"2025-12-19T11:29:35+00:00","twitter_card":"summary_large_image","twitter_misc":{"Timp estimat pentru citire":"2 minute"},"schema":{"@context":"https:\/\/schema.org","@graph":[{"@type":"WebPage","@id":"https:\/\/www.cosmo-one.gr\/demo-request\/","url":"https:\/\/www.cosmo-one.gr\/demo-request\/","name":"Solicita\u021bi o prezentare - ENTERSOFTONE ePROCUREMENT","isPartOf":{"@id":"https:\/\/www.cosmo-one.gr\/#website"},"datePublished":"2023-05-26T09:48:47+00:00","dateModified":"2025-12-19T11:29:35+00:00","breadcrumb":{"@id":"https:\/\/www.cosmo-one.gr\/demo-request\/#breadcrumb"},"inLanguage":"ro-RO","potentialAction":[{"@type":"ReadAction","target":["https:\/\/www.cosmo-one.gr\/demo-request\/"]}]},{"@type":"BreadcrumbList","@id":"https:\/\/www.cosmo-one.gr\/demo-request\/#breadcrumb","itemListElement":[{"@type":"ListItem","position":1,"name":"\u0391\u03c1\u03c7\u03b9\u03ba\u03ae","item":"https:\/\/www.cosmo-one.gr\/ro\/"},{"@type":"ListItem","position":2,"name":"Solicita\u021bi o prezentare"}]},{"@type":"WebSite","@id":"https:\/\/www.cosmo-one.gr\/#website","url":"https:\/\/www.cosmo-one.gr\/","name":"ENTERSOFTONE ePROCUREMENT","description":"\u0395\u03c6\u03b1\u03c1\u03bc\u03bf\u03b3\u03ad\u03c2 \u0397\u03bb\u03b5\u03ba\u03c4\u03c1\u03bf\u03bd\u03b9\u03ba\u03ce\u03bd \u03a0\u03c1\u03bf\u03bc\u03b7\u03b8\u03b5\u03b9\u03ce\u03bd","potentialAction":[{"@type":"SearchAction","target":{"@type":"EntryPoint","urlTemplate":"https:\/\/www.cosmo-one.gr\/?s={search_term_string}"},"query-input":"required name=search_term_string"}],"inLanguage":"ro-RO"}]}},"_links":{"self":[{"href":"https:\/\/www.cosmo-one.gr\/ro\/wp-json\/wp\/v2\/pages\/3477","targetHints":{"allow":["GET"]}}],"collection":[{"href":"https:\/\/www.cosmo-one.gr\/ro\/wp-json\/wp\/v2\/pages"}],"about":[{"href":"https:\/\/www.cosmo-one.gr\/ro\/wp-json\/wp\/v2\/types\/page"}],"author":[{"embeddable":true,"href":"https:\/\/www.cosmo-one.gr\/ro\/wp-json\/wp\/v2\/users\/1"}],"replies":[{"embeddable":true,"href":"https:\/\/www.cosmo-one.gr\/ro\/wp-json\/wp\/v2\/comments?post=3477"}],"version-history":[{"count":9,"href":"https:\/\/www.cosmo-one.gr\/ro\/wp-json\/wp\/v2\/pages\/3477\/revisions"}],"predecessor-version":[{"id":5349,"href":"https:\/\/www.cosmo-one.gr\/ro\/wp-json\/wp\/v2\/pages\/3477\/revisions\/5349"}],"wp:attachment":[{"href":"https:\/\/www.cosmo-one.gr\/ro\/wp-json\/wp\/v2\/media?parent=3477"}],"curies":[{"name":"wp","href":"https:\/\/api.w.org\/{rel}","templated":true}]}}