{"id":3474,"date":"2023-11-23T11:26:27","date_gmt":"2023-11-23T08:26:27","guid":{"rendered":"https:\/\/www.cosmo-one.gr\/aplicatii\/date-statistice\/"},"modified":"2025-12-19T14:28:39","modified_gmt":"2025-12-19T11:28:39","slug":"date-statistice","status":"publish","type":"page","link":"https:\/\/www.cosmo-one.gr\/ro\/aplicatii\/date-statistice\/","title":{"rendered":"Date statistice"},"content":{"rendered":"<p>[et_pb_section fb_built=&#8221;1&#8243; module_class=&#8221;page-top-header-section&#8221; _builder_version=&#8221;4.21.0&#8243; _module_preset=&#8221;default&#8221; use_background_color_gradient=&#8221;on&#8221; background_color_gradient_direction=&#8221;90deg&#8221; background_color_gradient_stops=&#8221;#ffffff 13%|rgba(0,0,0,0) 70%&#8221; background_color_gradient_overlays_image=&#8221;on&#8221; background_image=&#8221;https:\/\/www.cosmo-one.gr\/wp-content\/uploads\/2023\/11\/statistics-background.jpg&#8221; background_size=&#8221;custom&#8221; background_image_width=&#8221;76%&#8221; background_position=&#8221;center_right&#8221; custom_padding=&#8221;200px||200px||true|false&#8221; global_colors_info=&#8221;{}&#8221;][et_pb_row _builder_version=&#8221;4.21.0&#8243; _module_preset=&#8221;default&#8221; global_colors_info=&#8221;{}&#8221;][et_pb_column type=&#8221;4_4&#8243; _builder_version=&#8221;4.21.0&#8243; _module_preset=&#8221;default&#8221; global_colors_info=&#8221;{}&#8221;][et_pb_post_title meta=&#8221;off&#8221; featured_image=&#8221;off&#8221; _builder_version=&#8221;4.27.4&#8243; _module_preset=&#8221;default&#8221; title_font=&#8221;|700|||||||&#8221; title_text_align=&#8221;left&#8221; title_text_color=&#8221;gcid-7c20a8c8-2b56-4ca5-b656-f0a2c8868597&#8243; title_font_size=&#8221;32px&#8221; global_module=&#8221;72&#8243; saved_tabs=&#8221;all&#8221; locked=&#8221;off&#8221; global_colors_info=&#8221;{%22gcid-7c20a8c8-2b56-4ca5-b656-f0a2c8868597%22:%91%22title_text_color%22%93}&#8221;][\/et_pb_post_title][\/et_pb_column][\/et_pb_row][\/et_pb_section][et_pb_section fb_built=&#8221;1&#8243; _builder_version=&#8221;4.21.0&#8243; _module_preset=&#8221;default&#8221; custom_padding=&#8221;||0px|||&#8221; global_colors_info=&#8221;{}&#8221;][et_pb_row _builder_version=&#8221;4.21.0&#8243; _module_preset=&#8221;default&#8221; custom_padding=&#8221;||0px|||&#8221; global_colors_info=&#8221;{}&#8221;][et_pb_column type=&#8221;4_4&#8243; _builder_version=&#8221;4.21.0&#8243; _module_preset=&#8221;default&#8221; global_colors_info=&#8221;{}&#8221;][et_pb_text _builder_version=&#8221;4.27.4&#8243; _module_preset=&#8221;default&#8221; text_font_size=&#8221;18px&#8221; hover_enabled=&#8221;0&#8243; global_colors_info=&#8221;{}&#8221; sticky_enabled=&#8221;0&#8243;]<\/p>\n<p>Achizi\u021biile electronice care au fost desf\u0103\u0219urate de ENTERSOFTONE pentru companii din sectorul public \u0219i privat au fost clasificate \u00een trei niveluri, \u00een func\u021bie de categoria de furnizare (bunuri, lucr\u0103ri \u0219i servicii).<\/p>\n<p>Graficul de mai jos prezint\u0103 statistica licita\u021biilor electronice pe categorii de achizi\u021bii, pentru principalele categorii.<\/p>\n<p>&nbsp;<\/p>\n<p>[\/et_pb_text][et_pb_blurb title=&#8221;Instruc\u021biuni&#8221; use_icon=&#8221;on&#8221; font_icon=&#8221;&#x70;||divi||400&#8243; icon_placement=&#8221;left&#8221; image_icon_width=&#8221;29px&#8221; content_max_width=&#8221;100%&#8221; module_class=&#8221;directions-statistics-blurb&#8221; _builder_version=&#8221;4.21.0&#8243; _module_preset=&#8221;default&#8221; global_colors_info=&#8221;{}&#8221;][\/et_pb_blurb][et_pb_text _builder_version=&#8221;4.27.4&#8243; _module_preset=&#8221;default&#8221; text_font_size=&#8221;16px&#8221; hover_enabled=&#8221;0&#8243; global_colors_info=&#8221;{}&#8221; sticky_enabled=&#8221;0&#8243;]<\/p>\n<p>Achizi\u021biile electronice care au fost desf\u0103\u0219urate de ENTERSOFTONE pentru companii din sectorul public \u0219i privat au fost clasificate \u00een trei niveluri, \u00een func\u021bie de categoria de furnizare (bunuri, lucr\u0103ri \u0219i servicii).<\/p>\n<p>Graficul de mai jos prezint\u0103 statisticile privind licita\u021biile electronice pe categorii de achizi\u021bii, pentru cele mai de baz\u0103 categorii.<\/p>\n<p>[\/et_pb_text][et_pb_text _builder_version=&#8221;4.21.0&#8243; _module_preset=&#8221;default&#8221; text_font_size=&#8221;16px&#8221; header_3_text_color=&#8221;gcid-7c20a8c8-2b56-4ca5-b656-f0a2c8868597&#8243; header_3_font_size=&#8221;17px&#8221; global_colors_info=&#8221;{%22gcid-7c20a8c8-2b56-4ca5-b656-f0a2c8868597%22:%91%22header_3_text_color%22%93}&#8221;]<\/p>\n<h3>Aceste informa\u021bii vor ap\u0103rea pe ecran:<\/h3>\n<p>[\/et_pb_text][et_pb_blurb use_icon=&#8221;on&#8221; font_icon=&#8221;&#x4e;||divi||400&#8243; icon_placement=&#8221;left&#8221; image_icon_width=&#8221;33px&#8221; content_max_width=&#8221;100%&#8221; module_class=&#8221;statistics-step-blurb&#8221; _builder_version=&#8221;4.21.0&#8243; _module_preset=&#8221;default&#8221; body_font_size=&#8221;15px&#8221; global_colors_info=&#8221;{}&#8221;]<\/p>\n<p><strong>Majorarea bugetului:<\/strong><br \/>Beneficiul mediu (%) bazat pe bugetul categoriei.<\/p>\n<p>[\/et_pb_blurb][et_pb_blurb use_icon=&#8221;on&#8221; font_icon=&#8221;&#x4e;||divi||400&#8243; icon_placement=&#8221;left&#8221; image_icon_width=&#8221;33px&#8221; content_max_width=&#8221;100%&#8221; module_class=&#8221;statistics-step-blurb&#8221; _builder_version=&#8221;4.21.0&#8243; _module_preset=&#8221;default&#8221; body_font_size=&#8221;15px&#8221; global_colors_info=&#8221;{}&#8221;]<\/p>\n<p>Num\u0103rul de licita\u021bii (loturi): <br \/>Num\u0103rul de licita\u021bii (loturi) care au fost organizate pentru aceast\u0103 subcategorie din 2001 p\u00e2n\u0103 la ultima actualizare a datelor.<\/p>\n<p>[\/et_pb_blurb][et_pb_blurb use_icon=&#8221;on&#8221; font_icon=&#8221;&#x4e;||divi||400&#8243; icon_placement=&#8221;left&#8221; image_icon_width=&#8221;33px&#8221; content_max_width=&#8221;100%&#8221; module_class=&#8221;statistics-step-blurb&#8221; _builder_version=&#8221;4.21.0&#8243; _module_preset=&#8221;default&#8221; body_font_size=&#8221;15px&#8221; global_colors_info=&#8221;{}&#8221;]<\/p>\n<p><strong>Buget total:<\/strong> <br \/>Bugetul total al licita\u021biilor din subcategoria respectiv\u0103, conform datelor furnizate de organizatori.<\/p>\n<p>[\/et_pb_blurb][et_pb_blurb use_icon=&#8221;on&#8221; font_icon=&#8221;&#x4e;||divi||400&#8243; icon_placement=&#8221;left&#8221; image_icon_width=&#8221;33px&#8221; content_max_width=&#8221;100%&#8221; module_class=&#8221;statistics-step-blurb&#8221; _builder_version=&#8221;4.21.0&#8243; _module_preset=&#8221;default&#8221; body_font_size=&#8221;15px&#8221; global_colors_info=&#8221;{}&#8221;]<\/p>\n<p><strong>Num\u0103rul mediu de companii\/lot:<\/strong> <br \/>Num\u0103rul mediu de invita\u021bi la licita\u021biile din categoria respectiv\u0103.<\/p>\n<p>[\/et_pb_blurb][et_pb_blurb use_icon=&#8221;on&#8221; font_icon=&#8221;&#x4e;||divi||400&#8243; icon_placement=&#8221;left&#8221; image_icon_width=&#8221;33px&#8221; content_max_width=&#8221;100%&#8221; module_class=&#8221;statistics-step-blurb&#8221; _builder_version=&#8221;4.21.0&#8243; _module_preset=&#8221;default&#8221; body_font_size=&#8221;15px&#8221; global_colors_info=&#8221;{}&#8221;]<\/p>\n<p><strong>Average Bids\/Lot:<\/strong> <br \/>Num\u0103rul total mediu de oferte oferite \u00een licita\u021biile din categoria respectiv\u0103.<\/p>\n<p>[\/et_pb_blurb][et_pb_blurb use_icon=&#8221;on&#8221; font_icon=&#8221;&#x4e;||divi||400&#8243; icon_placement=&#8221;left&#8221; image_icon_width=&#8221;33px&#8221; content_max_width=&#8221;100%&#8221; module_class=&#8221;statistics-step-blurb&#8221; _builder_version=&#8221;4.21.0&#8243; _module_preset=&#8221;default&#8221; body_font_size=&#8221;15px&#8221; global_colors_info=&#8221;{}&#8221;]<\/p>\n<p><strong>Num\u0103rul mediu de prelungiri\/lot:<\/strong> <br \/>Num\u0103rul mediu de prelungiri acordate \u00een total \u00een cadrul licita\u021biilor din categoria respectiv\u0103.<\/p>\n<p>[\/et_pb_blurb][\/et_pb_column][\/et_pb_row][\/et_pb_section][et_pb_section fb_built=&#8221;1&#8243; _builder_version=&#8221;4.21.0&#8243; _module_preset=&#8221;default&#8221; global_colors_info=&#8221;{}&#8221;][et_pb_row _builder_version=&#8221;4.21.0&#8243; _module_preset=&#8221;default&#8221; global_colors_info=&#8221;{}&#8221;][et_pb_column type=&#8221;4_4&#8243; _builder_version=&#8221;4.21.0&#8243; _module_preset=&#8221;default&#8221; global_colors_info=&#8221;{}&#8221;][et_pb_text _builder_version=&#8221;4.24.0&#8243; _module_preset=&#8221;default&#8221; global_colors_info=&#8221;{}&#8221;]<iframe loading=\"lazy\" src=\"https:\/\/app.powerbi.com\/view?r=eyJrIjoiMjcwYjIwZGUtMGI4Yi00ODU3LWFiOGItMTE5NDMyNzE3ZjNmIiwidCI6ImVhZmRiZGEyLTcyNjgtNDc5MC04YmEzLWMzNjdlZjRjNzI4NiIsImMiOjl9\" width=\"100%\" height=\"750px\" frameborder=\"0\"><\/iframe>[\/et_pb_text][\/et_pb_column][\/et_pb_row][et_pb_row _builder_version=&#8221;4.21.0&#8243; _module_preset=&#8221;default&#8221; global_colors_info=&#8221;{}&#8221;][et_pb_column type=&#8221;4_4&#8243; _builder_version=&#8221;4.21.0&#8243; _module_preset=&#8221;default&#8221; global_colors_info=&#8221;{}&#8221;][\/et_pb_column][\/et_pb_row][\/et_pb_section][et_pb_section fb_built=&#8221;1&#8243; _builder_version=&#8221;4.21.0&#8243; _module_preset=&#8221;default&#8221; background_image=&#8221;https:\/\/www.cosmo-one.gr\/wp-content\/uploads\/2023\/07\/background.jpg&#8221; parallax=&#8221;on&#8221; global_colors_info=&#8221;{}&#8221;][et_pb_row column_structure=&#8221;1_4,1_4,1_4,1_4&#8243; use_custom_gutter=&#8221;on&#8221; gutter_width=&#8221;2&#8243; _builder_version=&#8221;4.21.0&#8243; _module_preset=&#8221;default&#8221; global_colors_info=&#8221;{}&#8221;][et_pb_column type=&#8221;1_4&#8243; _builder_version=&#8221;4.21.0&#8243; _module_preset=&#8221;default&#8221; global_colors_info=&#8221;{}&#8221;][et_pb_number_counter title=&#8221;Cereri de oferte electronice&#8221; number=&#8221;150.082&#8243; percent_sign=&#8221;off&#8221; module_class=&#8221;cosmoone-counter&#8221; _builder_version=&#8221;4.21.0&#8243; _module_preset=&#8221;default&#8221; global_colors_info=&#8221;{}&#8221;][\/et_pb_number_counter][\/et_pb_column][et_pb_column type=&#8221;1_4&#8243; _builder_version=&#8221;4.21.0&#8243; _module_preset=&#8221;default&#8221; global_colors_info=&#8221;{}&#8221;][et_pb_number_counter title=&#8221;Licita\u021bii electronice&#8221; number=&#8221;11.792&#8243; percent_sign=&#8221;off&#8221; module_class=&#8221;cosmoone-counter&#8221; _builder_version=&#8221;4.21.0&#8243; _module_preset=&#8221;default&#8221; global_colors_info=&#8221;{}&#8221;][\/et_pb_number_counter][\/et_pb_column][et_pb_column type=&#8221;1_4&#8243; _builder_version=&#8221;4.21.0&#8243; _module_preset=&#8221;default&#8221; global_colors_info=&#8221;{}&#8221;][et_pb_number_counter title=&#8221;Comenzi electronice&#8221; number=&#8221;540.224&#8243; percent_sign=&#8221;off&#8221; module_class=&#8221;cosmoone-counter&#8221; _builder_version=&#8221;4.21.0&#8243; _module_preset=&#8221;default&#8221; global_colors_info=&#8221;{}&#8221;][\/et_pb_number_counter][\/et_pb_column][et_pb_column type=&#8221;1_4&#8243; _builder_version=&#8221;4.21.0&#8243; _module_preset=&#8221;default&#8221; global_colors_info=&#8221;{}&#8221;][et_pb_number_counter title=&#8221;Cereri electronice de achizi\u021bie RFx&#8221; number=&#8221;145.321&#8243; percent_sign=&#8221;off&#8221; module_class=&#8221;cosmoone-counter&#8221; _builder_version=&#8221;4.21.0&#8243; _module_preset=&#8221;default&#8221; global_colors_info=&#8221;{}&#8221;][\/et_pb_number_counter][\/et_pb_column][\/et_pb_row][\/et_pb_section]<\/p>\n","protected":false},"excerpt":{"rendered":"<p>Achizi\u021biile electronice care au fost desf\u0103\u0219urate de ENTERSOFTONE pentru companii din sectorul public \u0219i privat au fost clasificate \u00een trei niveluri, \u00een func\u021bie de categoria de furnizare (bunuri, lucr\u0103ri \u0219i servicii). Graficul de mai jos prezint\u0103 statistica licita\u021biilor electronice pe categorii de achizi\u021bii, pentru principalele categorii. &nbsp;Achizi\u021biile electronice care au fost desf\u0103\u0219urate de ENTERSOFTONE pentru [&hellip;]<\/p>\n","protected":false},"author":1,"featured_media":0,"parent":3462,"menu_order":0,"comment_status":"closed","ping_status":"closed","template":"","meta":{"_et_pb_use_builder":"on","_et_pb_old_content":"","_et_gb_content_width":"","inline_featured_image":false,"footnotes":""},"class_list":["post-3474","page","type-page","status-publish","hentry"],"acf":[],"yoast_head":"<!-- This site is optimized with the Yoast SEO plugin v23.0 - https:\/\/yoast.com\/wordpress\/plugins\/seo\/ -->\n<title>Date statistice - ENTERSOFTONE ePROCUREMENT<\/title>\n<meta name=\"robots\" content=\"index, follow, max-snippet:-1, max-image-preview:large, max-video-preview:-1\" \/>\n<link rel=\"canonical\" href=\"https:\/\/www.cosmo-one.gr\/efarmoges\/statistika-stoixeia\/\" \/>\n<meta property=\"og:locale\" content=\"ro_RO\" \/>\n<meta property=\"og:type\" content=\"article\" \/>\n<meta property=\"og:title\" content=\"Date statistice - ENTERSOFTONE ePROCUREMENT\" \/>\n<meta property=\"og:description\" content=\"Achizi\u021biile electronice care au fost desf\u0103\u0219urate de ENTERSOFTONE pentru companii din sectorul public \u0219i privat au fost clasificate \u00een trei niveluri, \u00een func\u021bie de categoria de furnizare (bunuri, lucr\u0103ri \u0219i servicii). Graficul de mai jos prezint\u0103 statistica licita\u021biilor electronice pe categorii de achizi\u021bii, pentru principalele categorii. &nbsp;Achizi\u021biile electronice care au fost desf\u0103\u0219urate de ENTERSOFTONE pentru [&hellip;]\" \/>\n<meta property=\"og:url\" content=\"https:\/\/www.cosmo-one.gr\/efarmoges\/statistika-stoixeia\/\" \/>\n<meta property=\"og:site_name\" content=\"ENTERSOFTONE ePROCUREMENT\" \/>\n<meta property=\"article:modified_time\" content=\"2025-12-19T11:28:39+00:00\" \/>\n<meta name=\"twitter:card\" content=\"summary_large_image\" \/>\n<meta name=\"twitter:label1\" content=\"Timp estimat pentru citire\" \/>\n\t<meta name=\"twitter:data1\" content=\"6 minute\" \/>\n<script type=\"application\/ld+json\" class=\"yoast-schema-graph\">{\"@context\":\"https:\/\/schema.org\",\"@graph\":[{\"@type\":\"WebPage\",\"@id\":\"https:\/\/www.cosmo-one.gr\/efarmoges\/statistika-stoixeia\/\",\"url\":\"https:\/\/www.cosmo-one.gr\/efarmoges\/statistika-stoixeia\/\",\"name\":\"Date statistice - ENTERSOFTONE ePROCUREMENT\",\"isPartOf\":{\"@id\":\"https:\/\/www.cosmo-one.gr\/#website\"},\"datePublished\":\"2023-11-23T08:26:27+00:00\",\"dateModified\":\"2025-12-19T11:28:39+00:00\",\"breadcrumb\":{\"@id\":\"https:\/\/www.cosmo-one.gr\/efarmoges\/statistika-stoixeia\/#breadcrumb\"},\"inLanguage\":\"ro-RO\",\"potentialAction\":[{\"@type\":\"ReadAction\",\"target\":[\"https:\/\/www.cosmo-one.gr\/efarmoges\/statistika-stoixeia\/\"]}]},{\"@type\":\"BreadcrumbList\",\"@id\":\"https:\/\/www.cosmo-one.gr\/efarmoges\/statistika-stoixeia\/#breadcrumb\",\"itemListElement\":[{\"@type\":\"ListItem\",\"position\":1,\"name\":\"\u0391\u03c1\u03c7\u03b9\u03ba\u03ae\",\"item\":\"https:\/\/www.cosmo-one.gr\/ro\/\"},{\"@type\":\"ListItem\",\"position\":2,\"name\":\"Aplica\u021bii electronice pentru achizi\u021bii publice\",\"item\":\"https:\/\/www.cosmo-one.gr\/efarmoges\/\"},{\"@type\":\"ListItem\",\"position\":3,\"name\":\"Date statistice\"}]},{\"@type\":\"WebSite\",\"@id\":\"https:\/\/www.cosmo-one.gr\/#website\",\"url\":\"https:\/\/www.cosmo-one.gr\/\",\"name\":\"ENTERSOFTONE ePROCUREMENT\",\"description\":\"\u0395\u03c6\u03b1\u03c1\u03bc\u03bf\u03b3\u03ad\u03c2 \u0397\u03bb\u03b5\u03ba\u03c4\u03c1\u03bf\u03bd\u03b9\u03ba\u03ce\u03bd \u03a0\u03c1\u03bf\u03bc\u03b7\u03b8\u03b5\u03b9\u03ce\u03bd\",\"potentialAction\":[{\"@type\":\"SearchAction\",\"target\":{\"@type\":\"EntryPoint\",\"urlTemplate\":\"https:\/\/www.cosmo-one.gr\/?s={search_term_string}\"},\"query-input\":\"required name=search_term_string\"}],\"inLanguage\":\"ro-RO\"}]}<\/script>\n<!-- \/ Yoast SEO plugin. -->","yoast_head_json":{"title":"Date statistice - ENTERSOFTONE ePROCUREMENT","robots":{"index":"index","follow":"follow","max-snippet":"max-snippet:-1","max-image-preview":"max-image-preview:large","max-video-preview":"max-video-preview:-1"},"canonical":"https:\/\/www.cosmo-one.gr\/efarmoges\/statistika-stoixeia\/","og_locale":"ro_RO","og_type":"article","og_title":"Date statistice - ENTERSOFTONE ePROCUREMENT","og_description":"Achizi\u021biile electronice care au fost desf\u0103\u0219urate de ENTERSOFTONE pentru companii din sectorul public \u0219i privat au fost clasificate \u00een trei niveluri, \u00een func\u021bie de categoria de furnizare (bunuri, lucr\u0103ri \u0219i servicii). Graficul de mai jos prezint\u0103 statistica licita\u021biilor electronice pe categorii de achizi\u021bii, pentru principalele categorii. &nbsp;Achizi\u021biile electronice care au fost desf\u0103\u0219urate de ENTERSOFTONE pentru [&hellip;]","og_url":"https:\/\/www.cosmo-one.gr\/efarmoges\/statistika-stoixeia\/","og_site_name":"ENTERSOFTONE ePROCUREMENT","article_modified_time":"2025-12-19T11:28:39+00:00","twitter_card":"summary_large_image","twitter_misc":{"Timp estimat pentru citire":"6 minute"},"schema":{"@context":"https:\/\/schema.org","@graph":[{"@type":"WebPage","@id":"https:\/\/www.cosmo-one.gr\/efarmoges\/statistika-stoixeia\/","url":"https:\/\/www.cosmo-one.gr\/efarmoges\/statistika-stoixeia\/","name":"Date statistice - ENTERSOFTONE ePROCUREMENT","isPartOf":{"@id":"https:\/\/www.cosmo-one.gr\/#website"},"datePublished":"2023-11-23T08:26:27+00:00","dateModified":"2025-12-19T11:28:39+00:00","breadcrumb":{"@id":"https:\/\/www.cosmo-one.gr\/efarmoges\/statistika-stoixeia\/#breadcrumb"},"inLanguage":"ro-RO","potentialAction":[{"@type":"ReadAction","target":["https:\/\/www.cosmo-one.gr\/efarmoges\/statistika-stoixeia\/"]}]},{"@type":"BreadcrumbList","@id":"https:\/\/www.cosmo-one.gr\/efarmoges\/statistika-stoixeia\/#breadcrumb","itemListElement":[{"@type":"ListItem","position":1,"name":"\u0391\u03c1\u03c7\u03b9\u03ba\u03ae","item":"https:\/\/www.cosmo-one.gr\/ro\/"},{"@type":"ListItem","position":2,"name":"Aplica\u021bii electronice pentru achizi\u021bii publice","item":"https:\/\/www.cosmo-one.gr\/efarmoges\/"},{"@type":"ListItem","position":3,"name":"Date statistice"}]},{"@type":"WebSite","@id":"https:\/\/www.cosmo-one.gr\/#website","url":"https:\/\/www.cosmo-one.gr\/","name":"ENTERSOFTONE ePROCUREMENT","description":"\u0395\u03c6\u03b1\u03c1\u03bc\u03bf\u03b3\u03ad\u03c2 \u0397\u03bb\u03b5\u03ba\u03c4\u03c1\u03bf\u03bd\u03b9\u03ba\u03ce\u03bd \u03a0\u03c1\u03bf\u03bc\u03b7\u03b8\u03b5\u03b9\u03ce\u03bd","potentialAction":[{"@type":"SearchAction","target":{"@type":"EntryPoint","urlTemplate":"https:\/\/www.cosmo-one.gr\/?s={search_term_string}"},"query-input":"required name=search_term_string"}],"inLanguage":"ro-RO"}]}},"_links":{"self":[{"href":"https:\/\/www.cosmo-one.gr\/ro\/wp-json\/wp\/v2\/pages\/3474","targetHints":{"allow":["GET"]}}],"collection":[{"href":"https:\/\/www.cosmo-one.gr\/ro\/wp-json\/wp\/v2\/pages"}],"about":[{"href":"https:\/\/www.cosmo-one.gr\/ro\/wp-json\/wp\/v2\/types\/page"}],"author":[{"embeddable":true,"href":"https:\/\/www.cosmo-one.gr\/ro\/wp-json\/wp\/v2\/users\/1"}],"replies":[{"embeddable":true,"href":"https:\/\/www.cosmo-one.gr\/ro\/wp-json\/wp\/v2\/comments?post=3474"}],"version-history":[{"count":11,"href":"https:\/\/www.cosmo-one.gr\/ro\/wp-json\/wp\/v2\/pages\/3474\/revisions"}],"predecessor-version":[{"id":5347,"href":"https:\/\/www.cosmo-one.gr\/ro\/wp-json\/wp\/v2\/pages\/3474\/revisions\/5347"}],"up":[{"embeddable":true,"href":"https:\/\/www.cosmo-one.gr\/ro\/wp-json\/wp\/v2\/pages\/3462"}],"wp:attachment":[{"href":"https:\/\/www.cosmo-one.gr\/ro\/wp-json\/wp\/v2\/media?parent=3474"}],"curies":[{"name":"wp","href":"https:\/\/api.w.org\/{rel}","templated":true}]}}