{"id":3465,"date":"2023-06-02T14:24:02","date_gmt":"2023-06-02T11:24:02","guid":{"rendered":"https:\/\/www.cosmo-one.gr\/aplicatii\/solicitari-de-achizitie-electronice\/"},"modified":"2025-12-22T11:39:32","modified_gmt":"2025-12-22T08:39:32","slug":"solicitari-de-achizitie-electronice","status":"publish","type":"page","link":"https:\/\/www.cosmo-one.gr\/ro\/aplicatii\/solicitari-de-achizitie-electronice\/","title":{"rendered":"Solicit\u0103ri de achizi\u021bie electronice"},"content":{"rendered":"<p>[et_pb_section fb_built=&#8221;1&#8243; module_class=&#8221;page-top-header-section&#8221; _builder_version=&#8221;4.21.0&#8243; _module_preset=&#8221;default&#8221; use_background_color_gradient=&#8221;on&#8221; background_color_gradient_direction=&#8221;90deg&#8221; background_color_gradient_stops=&#8221;#ffffff 37%|rgba(0,0,0,0) 70%&#8221; background_color_gradient_overlays_image=&#8221;on&#8221; background_image=&#8221;https:\/\/www.cosmo-one.gr\/wp-content\/uploads\/2023\/07\/background.jpg&#8221; global_colors_info=&#8221;{}&#8221;][et_pb_row column_structure=&#8221;1_2,1_2&#8243; make_equal=&#8221;on&#8221; _builder_version=&#8221;4.21.0&#8243; _module_preset=&#8221;default&#8221; custom_css_main_element=&#8221;align-items: center;&#8221; global_colors_info=&#8221;{}&#8221;][et_pb_column type=&#8221;1_2&#8243; _builder_version=&#8221;4.21.0&#8243; _module_preset=&#8221;default&#8221; global_colors_info=&#8221;{}&#8221;][et_pb_post_title meta=&#8221;off&#8221; featured_image=&#8221;off&#8221; _builder_version=&#8221;4.27.4&#8243; _module_preset=&#8221;default&#8221; title_font=&#8221;|700|||||||&#8221; title_text_align=&#8221;left&#8221; title_text_color=&#8221;gcid-7c20a8c8-2b56-4ca5-b656-f0a2c8868597&#8243; title_font_size=&#8221;32px&#8221; global_module=&#8221;72&#8243; saved_tabs=&#8221;all&#8221; global_colors_info=&#8221;{%22gcid-7c20a8c8-2b56-4ca5-b656-f0a2c8868597%22:%91%22title_text_color%22%93}&#8221;][\/et_pb_post_title][et_pb_text module_class=&#8221;row-subtitle&#8221; _builder_version=&#8221;4.21.0&#8243; _module_preset=&#8221;default&#8221; header_3_text_color=&#8221;#000000&#8243; max_width=&#8221;500px&#8221; locked=&#8221;off&#8221; global_colors_info=&#8221;{}&#8221;]<\/p>\n<h3>Automatizarea complet\u0103 a procesului intern de solicitare a achizi\u021biilor<\/h3>\n<p>[\/et_pb_text][et_pb_text module_class=&#8221;page-header-text&#8221; _builder_version=&#8221;4.21.0&#8243; _module_preset=&#8221;default&#8221; text_font_size=&#8221;16px&#8221; max_width=&#8221;470px&#8221; locked=&#8221;off&#8221; global_colors_info=&#8221;{}&#8221;]<\/p>\n<p>Renun\u021b\u0103 la solicit\u0103rile de achizi\u021bie pe suport de h\u00e2rtie, prin e-mail sau prin formulare.<\/p>\n<p>[\/et_pb_text][et_pb_button button_url=&#8221;https:\/\/www.cosmo-one.gr\/ro\/solicitati-o-prezentare\/&#8221; button_text=&#8221;Solicita\u021bi o prezentare&#8221; _builder_version=&#8221;4.21.0&#8243; _module_preset=&#8221;default&#8221; locked=&#8221;off&#8221; global_colors_info=&#8221;{}&#8221;][\/et_pb_button][\/et_pb_column][et_pb_column type=&#8221;1_2&#8243; _builder_version=&#8221;4.21.0&#8243; _module_preset=&#8221;default&#8221; global_colors_info=&#8221;{}&#8221;][et_pb_image src=&#8221;https:\/\/www.cosmo-one.gr\/wp-content\/uploads\/2023\/09\/man_new-2.png&#8221; title_text=&#8221;man_new-2&#8243; align=&#8221;center&#8221; _builder_version=&#8221;4.21.0&#8243; _module_preset=&#8221;default&#8221; global_colors_info=&#8221;{}&#8221;][\/et_pb_image][\/et_pb_column][\/et_pb_row][\/et_pb_section][et_pb_section fb_built=&#8221;1&#8243; _builder_version=&#8221;4.21.0&#8243; _module_preset=&#8221;default&#8221; custom_padding=&#8221;||35px|||&#8221; global_colors_info=&#8221;{}&#8221;][et_pb_row _builder_version=&#8221;4.21.0&#8243; _module_preset=&#8221;default&#8221; global_colors_info=&#8221;{}&#8221;][et_pb_column type=&#8221;4_4&#8243; _builder_version=&#8221;4.21.0&#8243; _module_preset=&#8221;default&#8221; global_colors_info=&#8221;{}&#8221;][et_pb_text module_class=&#8221;main-section-title&#8221; _builder_version=&#8221;4.21.0&#8243; _module_preset=&#8221;default&#8221; header_2_line_height=&#8221;1.3em&#8221; max_width=&#8221;800px&#8221; module_alignment=&#8221;center&#8221; locked=&#8221;off&#8221; global_colors_info=&#8221;{}&#8221;]<\/p>\n<h2>Gestioneaz\u0103 solicit\u0103rile online prin intermediul platformei<\/h2>\n<p>[\/et_pb_text][\/et_pb_column][\/et_pb_row][et_pb_row column_structure=&#8221;1_2,1_2&#8243; make_equal=&#8221;on&#8221; _builder_version=&#8221;4.21.0&#8243; _module_preset=&#8221;default&#8221; custom_css_main_element=&#8221;align-items: center;&#8221; global_colors_info=&#8221;{}&#8221;][et_pb_column type=&#8221;1_2&#8243; _builder_version=&#8221;4.21.0&#8243; _module_preset=&#8221;default&#8221; global_colors_info=&#8221;{}&#8221;][et_pb_image src=&#8221;https:\/\/www.cosmo-one.gr\/wp-content\/uploads\/2025\/12\/ENTERSOFTONE_eDEMAND.svg&#8221; title_text=&#8221;ENTERSOFTONE_eDEMAND&#8221; _builder_version=&#8221;4.27.4&#8243; _module_preset=&#8221;default&#8221; max_height=&#8221;25px&#8221; hover_enabled=&#8221;0&#8243; global_colors_info=&#8221;{}&#8221; sticky_enabled=&#8221;0&#8243;][\/et_pb_image][et_pb_text _builder_version=&#8221;4.27.4&#8243; _module_preset=&#8221;default&#8221; text_font_size=&#8221;16px&#8221; locked=&#8221;off&#8221; global_colors_info=&#8221;{}&#8221;]<\/p>\n<p>ENTERSOFTONE eDEMAND este cea mai important\u0103 platform\u0103 de solicit\u0103ri de achizi\u021bie online oferit\u0103 de ENTERSOFTONE, prin intermediul c\u0103reia solicit\u0103rile de aprovizionare sau de achizi\u021bie sunt transmise \u0219i aprobate prin doar c\u00e2teva clicuri.<\/p>\n<p>[\/et_pb_text][\/et_pb_column][et_pb_column type=&#8221;1_2&#8243; module_class=&#8221;diagonismoi-col-grid e-aitimata-col-grid&#8221; _builder_version=&#8221;4.21.0&#8243; _module_preset=&#8221;default&#8221; global_colors_info=&#8221;{}&#8221;][et_pb_text module_class=&#8221;text-boxed-gray text-box-aitimata-agorwn&#8221; _builder_version=&#8221;4.21.0&#8243; _module_preset=&#8221;default&#8221; global_colors_info=&#8221;{}&#8221;]<\/p>\n<p>Solicit\u0103rile de achizi\u021bie sunt transmise electronic, cu u\u0219urin\u021b\u0103, din orice departament al companiei, eliber\u00e2nd persoanele de decizie de birocra\u021bie.<\/p>\n<p>[\/et_pb_text][et_pb_text module_class=&#8221;text-boxed-gray text-box-aitimata-agorwn&#8221; _builder_version=&#8221;4.21.0&#8243; _module_preset=&#8221;default&#8221; global_colors_info=&#8221;{}&#8221;]<\/p>\n<p>Etapele fiec\u0103rei solicit\u0103ri sunt captate \u00een timp real \u00een fluxul de lucru al sistemului, permi\u021b\u00e2nd ob\u021binerea aprob\u0103rilor electronice necesare pe baza costului \u0219i a categoriei solicit\u0103rii din catalogul companiei.<\/p>\n<p>[\/et_pb_text][et_pb_text module_class=&#8221;text-boxed-gray text-box-aitimata-agorwn&#8221; _builder_version=&#8221;4.21.0&#8243; _module_preset=&#8221;default&#8221; global_colors_info=&#8221;{}&#8221;]<\/p>\n<p>Departamentul de achizi\u021bii poate grupa solicit\u0103rile aprobate pe tipuri, categorii sau divizii ale societ\u0103\u021bii \u0219i le poate procesa \u00een continuare.<\/p>\n<p>[\/et_pb_text][\/et_pb_column][\/et_pb_row][\/et_pb_section][et_pb_section fb_built=&#8221;1&#8243; _builder_version=&#8221;4.21.0&#8243; _module_preset=&#8221;default&#8221; background_color=&#8221;gcid-00aecf8f-3b54-44b2-9810-74d6fc7d255c&#8221; global_colors_info=&#8221;{%22gcid-00aecf8f-3b54-44b2-9810-74d6fc7d255c%22:%91%22background_color%22%93}&#8221;][et_pb_row column_structure=&#8221;1_2,1_2&#8243; make_equal=&#8221;on&#8221; _builder_version=&#8221;4.21.0&#8243; _module_preset=&#8221;default&#8221; global_colors_info=&#8221;{}&#8221;][et_pb_column type=&#8221;1_2&#8243; _builder_version=&#8221;4.21.0&#8243; _module_preset=&#8221;default&#8221; background_color=&#8221;gcid-7c20a8c8-2b56-4ca5-b656-f0a2c8868597&#8243; global_colors_info=&#8221;{%22gcid-7c20a8c8-2b56-4ca5-b656-f0a2c8868597%22:%91%22background_color%22%93}&#8221;][et_pb_blurb title=&#8221;Toate aprob\u0103rile necesare sunt ob\u021binute pe cale electronic\u0103&#8221; image_icon_width=&#8221;32px&#8221; module_class=&#8221;blurb-descr-text blurb-descr-text-v2&#8243; _builder_version=&#8221;4.21.0&#8243; _module_preset=&#8221;default&#8221; header_font=&#8221;|600|||||||&#8221; header_text_align=&#8221;left&#8221; header_text_color=&#8221;#000000&#8243; header_line_height=&#8221;1.3em&#8221; body_text_align=&#8221;left&#8221; background_color=&#8221;gcid-7c20a8c8-2b56-4ca5-b656-f0a2c8868597&#8243; background_layout=&#8221;dark&#8221; custom_padding=&#8221;30px|20px|30px|20px|true|true&#8221; header_text_align_tablet=&#8221;center&#8221; header_text_align_phone=&#8221;center&#8221; header_text_align_last_edited=&#8221;on|phone&#8221; global_colors_info=&#8221;{%22gcid-7c20a8c8-2b56-4ca5-b656-f0a2c8868597%22:%91%22background_color%22%93}&#8221;]<\/p>\n<p>Fiecare responsabil pentru aprobarea unei solicit\u0103ri de achizi\u021bie sau de furnizare este notificat electronic, iar aprobarea este dat\u0103 prin intermediul platformei, chiar \u0219i de la distan\u021b\u0103.<\/p>\n<p>\u00cen cazul \u00een care solicitarea este respins\u0103 sau aprobat\u0103 cu modific\u0103ri, solicitantul este informat automat de c\u0103tre sistem.<\/p>\n<p>[\/et_pb_blurb][\/et_pb_column][et_pb_column type=&#8221;1_2&#8243; _builder_version=&#8221;4.21.0&#8243; _module_preset=&#8221;default&#8221; background_color=&#8221;#FFFFFF&#8221; global_colors_info=&#8221;{}&#8221;][et_pb_blurb title=&#8221;Interconectare cu sistemul ERP al companiei&#8221; image_icon_width=&#8221;32px&#8221; module_class=&#8221;blurb-descr-text blurb-descr-text-v2&#8243; _builder_version=&#8221;4.27.4&#8243; _module_preset=&#8221;default&#8221; header_font=&#8221;|600|||||||&#8221; header_text_align=&#8221;left&#8221; header_text_color=&#8221;#000000&#8243; header_line_height=&#8221;1.3em&#8221; body_text_align=&#8221;left&#8221; background_color=&#8221;gcid-7c20a8c8-2b56-4ca5-b656-f0a2c8868597&#8243; background_layout=&#8221;dark&#8221; custom_padding=&#8221;30px|20px|30px|20px|true|true&#8221; header_text_align_tablet=&#8221;center&#8221; header_text_align_phone=&#8221;center&#8221; header_text_align_last_edited=&#8221;on|phone&#8221; global_colors_info=&#8221;{%22gcid-7c20a8c8-2b56-4ca5-b656-f0a2c8868597%22:%91%22background_color%22%93}&#8221;]<\/p>\n<p>Platforma ENTERSOFTONE eDEMAND poate fi integrat\u0103 cu sistemul ERP al companiei pentru transmiterea informa\u021biilor, precum cele despre centrele de cost \u0219i bugete.<\/p>\n<p>[\/et_pb_blurb][\/et_pb_column][\/et_pb_row][et_pb_row _builder_version=&#8221;4.21.0&#8243; _module_preset=&#8221;default&#8221; global_colors_info=&#8221;{}&#8221;][et_pb_column type=&#8221;4_4&#8243; _builder_version=&#8221;4.21.0&#8243; _module_preset=&#8221;default&#8221; global_colors_info=&#8221;{}&#8221;][et_pb_button button_url=&#8221;https:\/\/www.cosmo-one.gr\/ro\/solicitati-o-prezentare\/&#8221; button_text=&#8221;Solicita\u021bi o prezentare&#8221; button_alignment=&#8221;center&#8221; _builder_version=&#8221;4.21.0&#8243; _module_preset=&#8221;default&#8221; locked=&#8221;off&#8221; global_colors_info=&#8221;{}&#8221;][\/et_pb_button][\/et_pb_column][\/et_pb_row][\/et_pb_section][et_pb_section fb_built=&#8221;1&#8243; _builder_version=&#8221;4.21.0&#8243; _module_preset=&#8221;default&#8221; global_colors_info=&#8221;{}&#8221;][et_pb_row _builder_version=&#8221;4.21.0&#8243; _module_preset=&#8221;default&#8221; global_colors_info=&#8221;{}&#8221;][et_pb_column type=&#8221;4_4&#8243; _builder_version=&#8221;4.21.0&#8243; _module_preset=&#8221;default&#8221; global_colors_info=&#8221;{}&#8221;][et_pb_text module_class=&#8221;main-section-title&#8221; _builder_version=&#8221;4.21.0&#8243; _module_preset=&#8221;default&#8221; header_2_line_height=&#8221;1.3em&#8221; max_width=&#8221;800px&#8221; module_alignment=&#8221;center&#8221; locked=&#8221;off&#8221; global_colors_info=&#8221;{}&#8221;]<\/p>\n<h2>Beneficii semnificative pentru fiecare companie<\/h2>\n<p>[\/et_pb_text][\/et_pb_column][\/et_pb_row][et_pb_row column_structure=&#8221;1_3,1_3,1_3&#8243; use_custom_gutter=&#8221;on&#8221; gutter_width=&#8221;2&#8243; make_equal=&#8221;on&#8221; _builder_version=&#8221;4.21.0&#8243; _module_preset=&#8221;default&#8221; global_colors_info=&#8221;{}&#8221;][et_pb_column type=&#8221;1_3&#8243; _builder_version=&#8221;4.21.0&#8243; _module_preset=&#8221;default&#8221; background_color=&#8221;#f5f5f5&#8243; custom_padding=&#8221;20px|20px|20px|20px|true|true&#8221; global_colors_info=&#8221;{}&#8221;][et_pb_blurb image=&#8221;https:\/\/www.cosmo-one.gr\/wp-content\/uploads\/2023\/06\/icon-1.png&#8221; module_class=&#8221;blurb-descr-text&#8221; _builder_version=&#8221;4.21.0&#8243; _module_preset=&#8221;default&#8221; header_text_align=&#8221;left&#8221; body_text_align=&#8221;center&#8221; global_colors_info=&#8221;{}&#8221;]<\/p>\n<h4>Gestionare \u0219i control <br \/>\u00eembun\u0103t\u0103\u021bit al proceselor<\/h4>\n<p>Istoricul complet al ac\u021biunilor cump\u0103r\u0103torului \u0219i furnizorului permite controlul procesului \u00een fiecare etap\u0103.<\/p>\n<p>[\/et_pb_blurb][\/et_pb_column][et_pb_column type=&#8221;1_3&#8243; _builder_version=&#8221;4.21.0&#8243; _module_preset=&#8221;default&#8221; background_color=&#8221;#f5f5f5&#8243; custom_padding=&#8221;20px|20px|20px|20px|true|true&#8221; global_colors_info=&#8221;{}&#8221;][et_pb_blurb image=&#8221;https:\/\/www.cosmo-one.gr\/wp-content\/uploads\/2023\/06\/icon-2.png&#8221; module_class=&#8221;blurb-descr-text&#8221; _builder_version=&#8221;4.21.0&#8243; _module_preset=&#8221;default&#8221; header_text_align=&#8221;left&#8221; body_text_align=&#8221;center&#8221; global_colors_info=&#8221;{}&#8221;]<\/p>\n<h4>Redu birocra\u021bia<br \/>\u0219i economise\u0219te timp<\/h4>\n<p>Simplificarea general\u0103 a procesului de monitorizare &#8211; onorare a comenzilor are ca rezultat reducerea birocra\u021biei.<\/p>\n<p>[\/et_pb_blurb][\/et_pb_column][et_pb_column type=&#8221;1_3&#8243; _builder_version=&#8221;4.21.0&#8243; _module_preset=&#8221;default&#8221; background_color=&#8221;#f5f5f5&#8243; custom_padding=&#8221;20px|20px|20px|20px|true|true&#8221; global_colors_info=&#8221;{}&#8221;][et_pb_blurb image=&#8221;https:\/\/www.cosmo-one.gr\/wp-content\/uploads\/2023\/06\/icon-3.png&#8221; module_class=&#8221;blurb-descr-text&#8221; _builder_version=&#8221;4.21.0&#8243; _module_preset=&#8221;default&#8221; header_text_align=&#8221;left&#8221; body_text_align=&#8221;center&#8221; global_colors_info=&#8221;{}&#8221;]<\/p>\n<h4>Automatizarea proceselor <br \/>\u0219i eliminarea erorilor<\/h4>\n<p>Fluxul de aprobare \u0219i utilizarea listelor de pre\u021buri preselectate pe baza mai multor \u0219abloane asigur\u0103 evitarea erorilor.<\/p>\n<p>[\/et_pb_blurb][\/et_pb_column][\/et_pb_row][et_pb_row column_structure=&#8221;1_3,1_3,1_3&#8243; use_custom_gutter=&#8221;on&#8221; gutter_width=&#8221;2&#8243; make_equal=&#8221;on&#8221; disabled_on=&#8221;on|on|on&#8221; _builder_version=&#8221;4.21.0&#8243; _module_preset=&#8221;default&#8221; disabled=&#8221;on&#8221; global_colors_info=&#8221;{}&#8221;][et_pb_column type=&#8221;1_3&#8243; _builder_version=&#8221;4.21.0&#8243; _module_preset=&#8221;default&#8221; background_color=&#8221;#f5f5f5&#8243; custom_padding=&#8221;20px|20px|20px|20px|true|true&#8221; global_colors_info=&#8221;{}&#8221;][et_pb_blurb image=&#8221;https:\/\/www.cosmo-one.gr\/wp-content\/uploads\/2023\/06\/icon-4.png&#8221; module_class=&#8221;blurb-descr-text&#8221; _builder_version=&#8221;4.21.0&#8243; _module_preset=&#8221;default&#8221; header_text_align=&#8221;left&#8221; body_text_align=&#8221;left&#8221; global_colors_info=&#8221;{}&#8221;]<\/p>\n<h4>Reducerea costurilor <br \/>\u0219i a achizi\u021biilor \u00een afara contractului<\/h4>\n<p>Reducerea costurilor prin procesarea electronic\u0103 a comenzilor pe baza listelor de pre\u021buri din contractele existente.<\/p>\n<p>[\/et_pb_blurb][\/et_pb_column][et_pb_column type=&#8221;1_3&#8243; _builder_version=&#8221;4.21.0&#8243; _module_preset=&#8221;default&#8221; background_color=&#8221;#f5f5f5&#8243; custom_padding=&#8221;20px|20px|20px|20px|true|true&#8221; global_colors_info=&#8221;{}&#8221;][et_pb_blurb image=&#8221;https:\/\/www.cosmo-one.gr\/wp-content\/uploads\/2023\/06\/icon-5.png&#8221; module_class=&#8221;blurb-descr-text&#8221; _builder_version=&#8221;4.21.0&#8243; _module_preset=&#8221;default&#8221; header_text_align=&#8221;left&#8221; body_text_align=&#8221;left&#8221; global_colors_info=&#8221;{}&#8221;]<\/p>\n<h4>Ob\u021binerea de statistici <br \/>\u0219i rapoarte privind achizi\u021biile<\/h4>\n<p>Date \u0219i rapoarte detaliate privind comenzile de furnizare finalizate \u0219i solicit\u0103rile de achizi\u021bie deschise.<\/p>\n<p>[\/et_pb_blurb][\/et_pb_column][et_pb_column type=&#8221;1_3&#8243; _builder_version=&#8221;4.21.0&#8243; _module_preset=&#8221;default&#8221; background_color=&#8221;#f5f5f5&#8243; custom_padding=&#8221;20px|20px|20px|20px|true|true&#8221; global_colors_info=&#8221;{}&#8221;][et_pb_blurb image=&#8221;https:\/\/www.cosmo-one.gr\/wp-content\/uploads\/2023\/06\/icon-6.png&#8221; module_class=&#8221;blurb-descr-text&#8221; _builder_version=&#8221;4.21.0&#8243; _module_preset=&#8221;default&#8221; header_text_align=&#8221;left&#8221; body_text_align=&#8221;left&#8221; global_colors_info=&#8221;{}&#8221;]<\/p>\n<h4>Func\u021bionare pe internet<br \/>&amp; acces 24\/7<\/h4>\n<p>Nu necesit\u0103 suport din partea departamentului IT al companiei, iar aprob\u0103rile pot fi date de la distan\u021b\u0103.<\/p>\n<p>[\/et_pb_blurb][\/et_pb_column][\/et_pb_row][\/et_pb_section]<\/p>\n","protected":false},"excerpt":{"rendered":"<p>Automatizarea complet\u0103 a procesului intern de solicitare a achizi\u021biilorRenun\u021b\u0103 la solicit\u0103rile de achizi\u021bie pe suport de h\u00e2rtie, prin e-mail sau prin formulare.Gestioneaz\u0103 solicit\u0103rile online prin intermediul platformeiENTERSOFTONE eDEMAND este cea mai important\u0103 platform\u0103 de solicit\u0103ri de achizi\u021bie online oferit\u0103 de ENTERSOFTONE, prin intermediul c\u0103reia solicit\u0103rile de aprovizionare sau de achizi\u021bie sunt transmise \u0219i aprobate prin [&hellip;]<\/p>\n","protected":false},"author":1,"featured_media":0,"parent":3462,"menu_order":0,"comment_status":"closed","ping_status":"closed","template":"","meta":{"_et_pb_use_builder":"on","_et_pb_old_content":"","_et_gb_content_width":"","inline_featured_image":false,"footnotes":""},"class_list":["post-3465","page","type-page","status-publish","hentry"],"acf":[],"yoast_head":"<!-- This site is optimized with the Yoast SEO plugin v23.0 - https:\/\/yoast.com\/wordpress\/plugins\/seo\/ -->\n<title>Solicit\u0103ri de achizi\u021bie electronice - ENTERSOFTONE ePROCUREMENT<\/title>\n<meta name=\"robots\" content=\"index, follow, max-snippet:-1, max-image-preview:large, max-video-preview:-1\" \/>\n<link rel=\"canonical\" href=\"https:\/\/www.cosmo-one.gr\/efarmoges\/ilektronika-aitimata-agorwn\/\" \/>\n<meta property=\"og:locale\" content=\"ro_RO\" \/>\n<meta property=\"og:type\" content=\"article\" \/>\n<meta property=\"og:title\" content=\"Solicit\u0103ri de achizi\u021bie electronice - ENTERSOFTONE ePROCUREMENT\" \/>\n<meta property=\"og:description\" content=\"Automatizarea complet\u0103 a procesului intern de solicitare a achizi\u021biilorRenun\u021b\u0103 la solicit\u0103rile de achizi\u021bie pe suport de h\u00e2rtie, prin e-mail sau prin formulare.Gestioneaz\u0103 solicit\u0103rile online prin intermediul platformeiENTERSOFTONE eDEMAND este cea mai important\u0103 platform\u0103 de solicit\u0103ri de achizi\u021bie online oferit\u0103 de ENTERSOFTONE, prin intermediul c\u0103reia solicit\u0103rile de aprovizionare sau de achizi\u021bie sunt transmise \u0219i aprobate prin [&hellip;]\" \/>\n<meta property=\"og:url\" content=\"https:\/\/www.cosmo-one.gr\/efarmoges\/ilektronika-aitimata-agorwn\/\" \/>\n<meta property=\"og:site_name\" content=\"ENTERSOFTONE ePROCUREMENT\" \/>\n<meta property=\"article:modified_time\" content=\"2025-12-22T08:39:32+00:00\" \/>\n<meta name=\"twitter:card\" content=\"summary_large_image\" \/>\n<meta name=\"twitter:label1\" content=\"Timp estimat pentru citire\" \/>\n\t<meta name=\"twitter:data1\" content=\"9 minute\" \/>\n<script type=\"application\/ld+json\" class=\"yoast-schema-graph\">{\"@context\":\"https:\/\/schema.org\",\"@graph\":[{\"@type\":\"WebPage\",\"@id\":\"https:\/\/www.cosmo-one.gr\/efarmoges\/ilektronika-aitimata-agorwn\/\",\"url\":\"https:\/\/www.cosmo-one.gr\/efarmoges\/ilektronika-aitimata-agorwn\/\",\"name\":\"Solicit\u0103ri de achizi\u021bie electronice - ENTERSOFTONE ePROCUREMENT\",\"isPartOf\":{\"@id\":\"https:\/\/www.cosmo-one.gr\/#website\"},\"datePublished\":\"2023-06-02T11:24:02+00:00\",\"dateModified\":\"2025-12-22T08:39:32+00:00\",\"breadcrumb\":{\"@id\":\"https:\/\/www.cosmo-one.gr\/efarmoges\/ilektronika-aitimata-agorwn\/#breadcrumb\"},\"inLanguage\":\"ro-RO\",\"potentialAction\":[{\"@type\":\"ReadAction\",\"target\":[\"https:\/\/www.cosmo-one.gr\/efarmoges\/ilektronika-aitimata-agorwn\/\"]}]},{\"@type\":\"BreadcrumbList\",\"@id\":\"https:\/\/www.cosmo-one.gr\/efarmoges\/ilektronika-aitimata-agorwn\/#breadcrumb\",\"itemListElement\":[{\"@type\":\"ListItem\",\"position\":1,\"name\":\"\u0391\u03c1\u03c7\u03b9\u03ba\u03ae\",\"item\":\"https:\/\/www.cosmo-one.gr\/ro\/\"},{\"@type\":\"ListItem\",\"position\":2,\"name\":\"Aplica\u021bii electronice pentru achizi\u021bii publice\",\"item\":\"https:\/\/www.cosmo-one.gr\/efarmoges\/\"},{\"@type\":\"ListItem\",\"position\":3,\"name\":\"Solicit\u0103ri de achizi\u021bie electronice\"}]},{\"@type\":\"WebSite\",\"@id\":\"https:\/\/www.cosmo-one.gr\/#website\",\"url\":\"https:\/\/www.cosmo-one.gr\/\",\"name\":\"ENTERSOFTONE ePROCUREMENT\",\"description\":\"\u0395\u03c6\u03b1\u03c1\u03bc\u03bf\u03b3\u03ad\u03c2 \u0397\u03bb\u03b5\u03ba\u03c4\u03c1\u03bf\u03bd\u03b9\u03ba\u03ce\u03bd \u03a0\u03c1\u03bf\u03bc\u03b7\u03b8\u03b5\u03b9\u03ce\u03bd\",\"potentialAction\":[{\"@type\":\"SearchAction\",\"target\":{\"@type\":\"EntryPoint\",\"urlTemplate\":\"https:\/\/www.cosmo-one.gr\/?s={search_term_string}\"},\"query-input\":\"required name=search_term_string\"}],\"inLanguage\":\"ro-RO\"}]}<\/script>\n<!-- \/ Yoast SEO plugin. -->","yoast_head_json":{"title":"Solicit\u0103ri de achizi\u021bie electronice - ENTERSOFTONE ePROCUREMENT","robots":{"index":"index","follow":"follow","max-snippet":"max-snippet:-1","max-image-preview":"max-image-preview:large","max-video-preview":"max-video-preview:-1"},"canonical":"https:\/\/www.cosmo-one.gr\/efarmoges\/ilektronika-aitimata-agorwn\/","og_locale":"ro_RO","og_type":"article","og_title":"Solicit\u0103ri de achizi\u021bie electronice - ENTERSOFTONE ePROCUREMENT","og_description":"Automatizarea complet\u0103 a procesului intern de solicitare a achizi\u021biilorRenun\u021b\u0103 la solicit\u0103rile de achizi\u021bie pe suport de h\u00e2rtie, prin e-mail sau prin formulare.Gestioneaz\u0103 solicit\u0103rile online prin intermediul platformeiENTERSOFTONE eDEMAND este cea mai important\u0103 platform\u0103 de solicit\u0103ri de achizi\u021bie online oferit\u0103 de ENTERSOFTONE, prin intermediul c\u0103reia solicit\u0103rile de aprovizionare sau de achizi\u021bie sunt transmise \u0219i aprobate prin [&hellip;]","og_url":"https:\/\/www.cosmo-one.gr\/efarmoges\/ilektronika-aitimata-agorwn\/","og_site_name":"ENTERSOFTONE ePROCUREMENT","article_modified_time":"2025-12-22T08:39:32+00:00","twitter_card":"summary_large_image","twitter_misc":{"Timp estimat pentru citire":"9 minute"},"schema":{"@context":"https:\/\/schema.org","@graph":[{"@type":"WebPage","@id":"https:\/\/www.cosmo-one.gr\/efarmoges\/ilektronika-aitimata-agorwn\/","url":"https:\/\/www.cosmo-one.gr\/efarmoges\/ilektronika-aitimata-agorwn\/","name":"Solicit\u0103ri de achizi\u021bie electronice - ENTERSOFTONE ePROCUREMENT","isPartOf":{"@id":"https:\/\/www.cosmo-one.gr\/#website"},"datePublished":"2023-06-02T11:24:02+00:00","dateModified":"2025-12-22T08:39:32+00:00","breadcrumb":{"@id":"https:\/\/www.cosmo-one.gr\/efarmoges\/ilektronika-aitimata-agorwn\/#breadcrumb"},"inLanguage":"ro-RO","potentialAction":[{"@type":"ReadAction","target":["https:\/\/www.cosmo-one.gr\/efarmoges\/ilektronika-aitimata-agorwn\/"]}]},{"@type":"BreadcrumbList","@id":"https:\/\/www.cosmo-one.gr\/efarmoges\/ilektronika-aitimata-agorwn\/#breadcrumb","itemListElement":[{"@type":"ListItem","position":1,"name":"\u0391\u03c1\u03c7\u03b9\u03ba\u03ae","item":"https:\/\/www.cosmo-one.gr\/ro\/"},{"@type":"ListItem","position":2,"name":"Aplica\u021bii electronice pentru achizi\u021bii publice","item":"https:\/\/www.cosmo-one.gr\/efarmoges\/"},{"@type":"ListItem","position":3,"name":"Solicit\u0103ri de achizi\u021bie electronice"}]},{"@type":"WebSite","@id":"https:\/\/www.cosmo-one.gr\/#website","url":"https:\/\/www.cosmo-one.gr\/","name":"ENTERSOFTONE ePROCUREMENT","description":"\u0395\u03c6\u03b1\u03c1\u03bc\u03bf\u03b3\u03ad\u03c2 \u0397\u03bb\u03b5\u03ba\u03c4\u03c1\u03bf\u03bd\u03b9\u03ba\u03ce\u03bd \u03a0\u03c1\u03bf\u03bc\u03b7\u03b8\u03b5\u03b9\u03ce\u03bd","potentialAction":[{"@type":"SearchAction","target":{"@type":"EntryPoint","urlTemplate":"https:\/\/www.cosmo-one.gr\/?s={search_term_string}"},"query-input":"required name=search_term_string"}],"inLanguage":"ro-RO"}]}},"_links":{"self":[{"href":"https:\/\/www.cosmo-one.gr\/ro\/wp-json\/wp\/v2\/pages\/3465","targetHints":{"allow":["GET"]}}],"collection":[{"href":"https:\/\/www.cosmo-one.gr\/ro\/wp-json\/wp\/v2\/pages"}],"about":[{"href":"https:\/\/www.cosmo-one.gr\/ro\/wp-json\/wp\/v2\/types\/page"}],"author":[{"embeddable":true,"href":"https:\/\/www.cosmo-one.gr\/ro\/wp-json\/wp\/v2\/users\/1"}],"replies":[{"embeddable":true,"href":"https:\/\/www.cosmo-one.gr\/ro\/wp-json\/wp\/v2\/comments?post=3465"}],"version-history":[{"count":15,"href":"https:\/\/www.cosmo-one.gr\/ro\/wp-json\/wp\/v2\/pages\/3465\/revisions"}],"predecessor-version":[{"id":5416,"href":"https:\/\/www.cosmo-one.gr\/ro\/wp-json\/wp\/v2\/pages\/3465\/revisions\/5416"}],"up":[{"embeddable":true,"href":"https:\/\/www.cosmo-one.gr\/ro\/wp-json\/wp\/v2\/pages\/3462"}],"wp:attachment":[{"href":"https:\/\/www.cosmo-one.gr\/ro\/wp-json\/wp\/v2\/media?parent=3465"}],"curies":[{"name":"wp","href":"https:\/\/api.w.org\/{rel}","templated":true}]}}