{"id":3281,"date":"2023-10-06T16:51:19","date_gmt":"2023-10-06T13:51:19","guid":{"rendered":"https:\/\/www.cosmo-one.gr\/plangere\/"},"modified":"2024-04-03T11:59:35","modified_gmt":"2024-04-03T08:59:35","slug":"plangere","status":"publish","type":"page","link":"https:\/\/www.cosmo-one.gr\/ro\/plangere\/","title":{"rendered":"Politica de gestionare a reclama\u021biilor \u0219i a reclama\u021biilor"},"content":{"rendered":"<p>[et_pb_section fb_built=&#8221;1&#8243; module_class=&#8221;page-top-header-section&#8221; _builder_version=&#8221;4.21.0&#8243; _module_preset=&#8221;default&#8221; use_background_color_gradient=&#8221;on&#8221; background_color_gradient_direction=&#8221;90deg&#8221; background_color_gradient_stops=&#8221;#ffffff 37%|rgba(0,0,0,0) 70%&#8221; background_color_gradient_overlays_image=&#8221;on&#8221; background_image=&#8221;https:\/\/www.cosmo-one.gr\/wp-content\/uploads\/2023\/10\/complaint-background.jpg&#8221; background_position=&#8221;top_center&#8221; custom_padding=&#8221;147px||125px|||&#8221; global_colors_info=&#8221;{}&#8221;][et_pb_row column_structure=&#8221;1_2,1_2&#8243; _builder_version=&#8221;4.21.0&#8243; _module_preset=&#8221;default&#8221; global_colors_info=&#8221;{}&#8221;][et_pb_column type=&#8221;1_2&#8243; _builder_version=&#8221;4.21.0&#8243; _module_preset=&#8221;default&#8221; global_colors_info=&#8221;{}&#8221;][et_pb_post_title meta=&#8221;off&#8221; featured_image=&#8221;off&#8221; _builder_version=&#8221;4.21.0&#8243; _module_preset=&#8221;default&#8221; title_font=&#8221;|700|||||||&#8221; title_text_align=&#8221;left&#8221; title_text_color=&#8221;gcid-7c20a8c8-2b56-4ca5-b656-f0a2c8868597&#8243; title_font_size=&#8221;32px&#8221; global_module=&#8221;72&#8243; saved_tabs=&#8221;all&#8221; global_colors_info=&#8221;{%22gcid-7c20a8c8-2b56-4ca5-b656-f0a2c8868597%22:%91%22title_text_color%22%93}&#8221;][\/et_pb_post_title][\/et_pb_column][et_pb_column type=&#8221;1_2&#8243; _builder_version=&#8221;4.21.0&#8243; _module_preset=&#8221;default&#8221; global_colors_info=&#8221;{}&#8221;][\/et_pb_column][\/et_pb_row][\/et_pb_section][et_pb_section fb_built=&#8221;1&#8243; _builder_version=&#8221;4.21.0&#8243; _module_preset=&#8221;default&#8221; global_colors_info=&#8221;{}&#8221;][et_pb_row _builder_version=&#8221;4.21.0&#8243; _module_preset=&#8221;default&#8221; global_colors_info=&#8221;{}&#8221;][et_pb_column type=&#8221;4_4&#8243; _builder_version=&#8221;4.21.0&#8243; _module_preset=&#8221;default&#8221; global_colors_info=&#8221;{}&#8221;][et_pb_text _builder_version=&#8221;4.21.0&#8243; _module_preset=&#8221;default&#8221; text_font_size=&#8221;16px&#8221; locked=&#8221;off&#8221; global_colors_info=&#8221;{}&#8221;]<\/p>\n<p>Scopul acestei politici este de a gestiona reclama\u021biile legate de \u00eenc\u0103lcarea politicilor \u0219i procedurilor Companiei \u0219i a legisla\u021biei aplicabile (de exemplu, nerespectarea Codului de Etic\u0103, politici, situa\u021bii financiare, rela\u021bii de munc\u0103, abuzuri, discriminare, corup\u021bie, furt, bani). sp\u0103lare, orice ar putea d\u0103una reputa\u021biei companiei sau orice \u00eencercare de a acoperi cele de mai sus).<\/p>\n<p>\u00cen contextul acestei Politici, angaja\u021bii \u0219i\/sau ter\u021bii pot, pe nume sau \u00een mod anonim, s\u0103 raporteze Oficiului de conformitate cu reglement\u0103rile o pl\u00e2ngere sau s\u0103 exprime o \u00eengrijorare sau o pl\u00e2ngere cu privire la orice \u00eenc\u0103lc\u0103ri ale politicilor sau legisla\u021biei companiei.<br \/>\u00cen cazul depunerii unei pl\u00e2ngeri denumite, ne asigur\u0103m c\u0103 nu vor exista consecin\u021be negative (r\u0103zbunare) pentru persoana care depune reclama\u021bia.<\/p>\n<p>[\/et_pb_text][et_pb_text module_class=&#8221;row-subtitle&#8221; _builder_version=&#8221;4.21.0&#8243; _module_preset=&#8221;default&#8221; global_colors_info=&#8221;{}&#8221;]<\/p>\n<h3>Declara\u021bie de confiden\u021bialitate <br \/>&amp; Protec\u021bia datelor cu caracter personal<\/h3>\n<p>[\/et_pb_text][et_pb_text _builder_version=&#8221;4.21.0&#8243; _module_preset=&#8221;default&#8221; global_colors_info=&#8221;{}&#8221;]<\/p>\n<p><strong>CONFIDEN\u021aIALITATE:<\/strong><br \/>Ave\u021bi de raportat vreun comportament care ar putea pune compania \u00een pericol? Sunte\u021bi confuz dac\u0103 ar trebui s\u0103 dezv\u0103lui\u021bi aceste informa\u021bii?<\/p>\n<p>V\u0103 asigur\u0103m c\u0103 tratam toate reclama\u021biile \u00een mod confiden\u021bial. \u00cenainte de a depune o reclama\u021bie (Tip-off), v\u0103 rug\u0103m s\u0103 lua\u021bi \u00een considerare consecin\u021bele pe care informa\u021biile pe care le furniza\u021bi le pot avea asupra celor implica\u021bi.<\/p>\n<p>De asemenea, trebuie s\u0103 \u021bine\u021bi cont de faptul c\u0103 \u00een cazul \u00een care pl\u00e2ngerea dumneavoastr\u0103 se refer\u0103 la anumite persoane, acestea au dreptul, \u00een contextul exercit\u0103rii drepturilor de acces, informare \u0219i obiec\u021bie prev\u0103zute de articolele 11-13 din Legea 2472\/1997, s\u0103 ia cuno\u0219tin\u021b\u0103. a pl\u00e2ngerii \u0219i a tuturor probelor relevante.<\/p>\n<p>Men\u021bion\u0103m c\u0103, dac\u0103 \u00een pl\u00e2ngerea dvs. exist\u0103 o referire la persoane fizice, aceasta nu trebuie s\u0103 includ\u0103 informa\u021bii care constituie date personale sensibile (cele legate de origine rasial\u0103 sau etnic\u0103, opinii politice, convingeri religioase sau filozofice, apartenen\u021b\u0103 la un sindicat, s\u0103n\u0103tate , bun\u0103starea social\u0103 \u0219i via\u021ba amoroas\u0103, legate de urm\u0103riri penale sau condamn\u0103ri).<\/p>\n<p><strong>PROTECTIA ANONIMULUI:<\/strong><br \/>Cel mai important principiu al Politicii de gestionare a pl\u00e2ngerilor &amp; Pl\u00e2ngerile reprezint\u0103 protec\u021bia reclamantului (anun\u021b\u0103torul), cu excep\u021bia cazului unei pl\u00e2ngeri r\u0103u inten\u021bionate.<\/p>\n<p>De asemenea, nu pute\u021bi completa \u00een aplica\u021bie informa\u021bii care v\u0103 pot dezv\u0103lui identitatea. Suntem interesa\u021bi doar de informa\u021bii despre incidentul raportat.<\/p>\n<p>\u00cen cazul unei pl\u00e2ngeri r\u0103u inten\u021bionate, reclamantul poate solicita divulgarea identit\u0103\u021bii reclamantului pentru a-\u0219i exercita drepturile legale.<\/p>\n<p><strong>UTILIZAREA FORMULARULUI ELECTRONIC DE DEPUNEREA PL\u00c2NGERII:<\/strong><br \/>Trebuie s\u0103 \u0219ti\u021bi c\u0103, \u00een cazul \u00een care trimite\u021bi o pl\u00e2ngere anonim\u0103, v\u0103 rug\u0103m s\u0103 include\u021bi orice informa\u021bie legat\u0103 de incident, deoarece nu va fi posibil s\u0103 v\u0103 contacta\u021bi pentru clarific\u0103ri \u0219i informa\u021bii suplimentare pentru investigarea pl\u00e2ngerii.<\/p>\n<p>V\u0103 rug\u0103m s\u0103 nu utiliza\u021bi aceast\u0103 aplica\u021bie pentru a v\u0103 pl\u00e2nge de produsele sau serviciile companiei. Astfel de pl\u00e2ngeri ar trebui s\u0103 fie \u00eendreptate c\u0103tre Serviciul Clien\u021bi.<\/p>\n<p><strong>FORMUL DE PL\u00c2NGERE ANONIM GHIDUL DE SECURITATE:<\/strong><br \/>Aceast\u0103 aplica\u021bie v\u0103 protejeaz\u0103 anonimatul.<\/p>\n<p>\u00cen cazul depunerii unei reclama\u021bii anonime, v\u0103 rug\u0103m s\u0103 urma\u021bi instruc\u021biunile de mai jos:<\/p>\n<ul>\n<li>nu men\u021biona\u021bi informa\u021bii personale, cum ar fi numele dumneavoastr\u0103 sau rela\u021bia dumneavoastr\u0103 cu p\u0103r\u021bile implicate;<\/li>\n<li>nu furniza\u021bi informa\u021bii care ar putea duce la identificarea dvs.,<\/li>\n<li>utiliza\u021bi o conexiune la internet sigur\u0103.<\/li>\n<\/ul>\n<p>[\/et_pb_text][et_pb_text module_class=&#8221;row-subtitle&#8221; _builder_version=&#8221;4.21.0&#8243; _module_preset=&#8221;default&#8221; global_colors_info=&#8221;{}&#8221;]<\/p>\n<h3>Formular electronic<br \/>Depunerea reclama\u021biilor<\/h3>\n<p>[\/et_pb_text][et_pb_text _builder_version=&#8221;4.21.0&#8243; _module_preset=&#8221;default&#8221; global_colors_info=&#8221;{}&#8221;]<\/p>\n<p>Dac\u0103 dori\u021bi s\u0103 r\u0103m\u00e2ne\u021bi anonim, v\u0103 rug\u0103m s\u0103 nu furniza\u021bi nicio informa\u021bie de identificare. Trebuie s\u0103 \u0219ti\u021bi c\u0103, dac\u0103 depune\u021bi o reclama\u021bie anonim\u0103, nu este posibil s\u0103 v\u0103 contact\u0103m \u0219i s\u0103 adun\u0103m mai multe informa\u021bii pentru a investiga reclama\u021bia. Prin urmare, v\u0103 rug\u0103m s\u0103 ne furniza\u021bi toate detaliile necesare pentru a \u00eencepe sondajul sau dac\u0103 dori\u021bi s\u0103 ne furniza\u021bi un e-mail pentru a v\u0103 contacta anonim.<\/p>\n<p>[\/et_pb_text][et_pb_text _builder_version=&#8221;4.21.0&#8243; _module_preset=&#8221;default&#8221; hover_enabled=&#8221;0&#8243; global_colors_info=&#8221;{}&#8221; module_class=&#8221;complaint-form&#8221; sticky_enabled=&#8221;0&#8243;]<\/p>\n\n<div class=\"wpcf7 no-js\" id=\"wpcf7-f3280-o1\" lang=\"ro-RO\" dir=\"ltr\">\n<div class=\"screen-reader-response\"><p role=\"status\" aria-live=\"polite\" aria-atomic=\"true\"><\/p> <ul><\/ul><\/div>\n<form action=\"\/ro\/wp-json\/wp\/v2\/pages\/3281#wpcf7-f3280-o1\" method=\"post\" class=\"wpcf7-form init\" aria-label=\"Formular de contact\" enctype=\"multipart\/form-data\" novalidate=\"novalidate\" data-status=\"init\">\n<div style=\"display: none;\">\n<input type=\"hidden\" name=\"_wpcf7\" value=\"3280\" \/>\n<input type=\"hidden\" name=\"_wpcf7_version\" value=\"5.7.7\" \/>\n<input type=\"hidden\" name=\"_wpcf7_locale\" value=\"ro_RO\" \/>\n<input type=\"hidden\" name=\"_wpcf7_unit_tag\" value=\"wpcf7-f3280-o1\" \/>\n<input type=\"hidden\" name=\"_wpcf7_container_post\" value=\"0\" \/>\n<input type=\"hidden\" name=\"_wpcf7_posted_data_hash\" value=\"\" \/>\n<input type=\"hidden\" name=\"_wpcf7cf_hidden_group_fields\" value=\"[]\" \/>\n<input type=\"hidden\" name=\"_wpcf7cf_hidden_groups\" value=\"[]\" \/>\n<input type=\"hidden\" name=\"_wpcf7cf_visible_groups\" value=\"[]\" \/>\n<input type=\"hidden\" name=\"_wpcf7cf_repeaters\" value=\"[]\" \/>\n<input type=\"hidden\" name=\"_wpcf7cf_steps\" value=\"{}\" \/>\n<input type=\"hidden\" name=\"_wpcf7cf_options\" value=\"{&quot;form_id&quot;:3280,&quot;conditions&quot;:[],&quot;settings&quot;:{&quot;animation&quot;:&quot;yes&quot;,&quot;animation_intime&quot;:200,&quot;animation_outtime&quot;:200,&quot;conditions_ui&quot;:&quot;normal&quot;,&quot;notice_dismissed&quot;:false,&quot;notice_dismissed_update-cf7-5.8.3&quot;:true}}\" \/>\n<input type=\"hidden\" name=\"_wpcf7_recaptcha_response\" value=\"\" \/>\n<\/div>\n<p><label> Vrei s\u0103-\u021bi dezv\u0103lui identitatea?*<br \/>\n<span class=\"wpcf7-form-control-wrap\" data-name=\"show-personal\"><span class=\"wpcf7-form-control wpcf7-radio\"><span class=\"wpcf7-list-item first\"><label><input type=\"radio\" name=\"show-personal\" value=\"Nu\" checked=\"checked\" \/><span class=\"wpcf7-list-item-label\">Nu<\/span><\/label><\/span><span class=\"wpcf7-list-item last\"><label><input type=\"radio\" name=\"show-personal\" value=\"Da\" \/><span class=\"wpcf7-list-item-label\">Da<\/span><\/label><\/span><\/span><\/span> <\/label>\n<\/p>\n<div data-id=\"group-personal-info\" data-orig_data_id=\"group-personal-info\" data-clear_on_hide class=\"complaint-group\" data-class=\"wpcf7cf_group\">\n\t<p><label> Prenume*<br \/>\n<span class=\"wpcf7-form-control-wrap\" data-name=\"your-name\"><input size=\"40\" class=\"wpcf7-form-control wpcf7-text wpcf7-validates-as-required\" autocomplete=\"name\" aria-required=\"true\" aria-invalid=\"false\" value=\"\" type=\"text\" name=\"your-name\" \/><\/span> <\/label>\n\t<\/p>\n\t<p><label> Numele de familie*<br \/>\n<span class=\"wpcf7-form-control-wrap\" data-name=\"last-name\"><input size=\"40\" class=\"wpcf7-form-control wpcf7-text wpcf7-validates-as-required\" aria-required=\"true\" aria-invalid=\"false\" value=\"\" type=\"text\" name=\"last-name\" \/><\/span> <\/label>\n\t<\/p>\n\t<p><label> Email<br \/>\n<span class=\"wpcf7-form-control-wrap\" data-name=\"your-email\"><input size=\"40\" class=\"wpcf7-form-control wpcf7-text wpcf7-email wpcf7-validates-as-required wpcf7-validates-as-email\" autocomplete=\"email\" aria-required=\"true\" aria-invalid=\"false\" value=\"\" type=\"email\" name=\"your-email\" \/><\/span> <\/label>\n\t<\/p>\n\t<p><label> Telefon<br \/>\n<span class=\"wpcf7-form-control-wrap\" data-name=\"your-phone\"><input size=\"40\" class=\"wpcf7-form-control wpcf7-text wpcf7-tel wpcf7-validates-as-tel\" aria-invalid=\"false\" value=\"\" type=\"tel\" name=\"your-phone\" \/><\/span> <\/label>\n\t<\/p>\n<\/div>\n<p><label> Pentru a v\u0103 clasifica corect mesajul, v\u0103 rug\u0103m s\u0103 selecta\u021bi categoria \u00een care se \u00eencadreaz\u0103 incidentul:*<br \/>\n<span class=\"wpcf7-form-control-wrap\" data-name=\"issue-category\"><select class=\"wpcf7-form-control wpcf7-select wpcf7-validates-as-required\" aria-required=\"true\" aria-invalid=\"false\" name=\"issue-category\"><option value=\"\">- Te rog alege o op\u021biune -<\/option><option value=\"\u00cen\u0219el\u0103torie\">\u00cen\u0219el\u0103torie<\/option><option value=\"Conflict de interese\">Conflict de interese<\/option><option value=\"\u00cenc\u0103lcarea politicii\">\u00cenc\u0103lcarea politicii<\/option><option value=\"\u00cenc\u0103lcarea Codului de conduit\u0103\">\u00cenc\u0103lcarea Codului de conduit\u0103<\/option><option value=\"\u00cenc\u0103lcarea datelor cu caracter personal\">\u00cenc\u0103lcarea datelor cu caracter personal<\/option><option value=\"Corup\u0163ie\">Corup\u0163ie<\/option><option value=\"Altele (v\u0103 rug\u0103m s\u0103 specifica\u021bi)\">Altele (v\u0103 rug\u0103m s\u0103 specifica\u021bi)<\/option><\/select><\/span> <\/label>\n<\/p>\n<div data-id=\"group-other-category\" data-orig_data_id=\"group-other-category\" data-clear_on_hide class=\"complaint-group\" data-class=\"wpcf7cf_group\">\n\t<p><label> Altele (v\u0103 rug\u0103m s\u0103 specifica\u021bi)<br \/>\n<span class=\"wpcf7-form-control-wrap\" data-name=\"your-reason\"><input size=\"40\" class=\"wpcf7-form-control wpcf7-text wpcf7-validates-as-required\" aria-required=\"true\" aria-invalid=\"false\" value=\"\" type=\"text\" name=\"your-reason\" \/><\/span> <\/label>\n\t<\/p>\n<\/div>\n<p><label> V\u0103 rug\u0103m s\u0103 descrie\u021bi incidentul c\u00e2t mai detaliat posibil (Dac\u0103 dori\u021bi s\u0103 r\u0103m\u00e2ne\u021bi anonim, nu furniza\u021bi nicio informa\u021bie care ar putea duce la identificarea dvs.)*<br \/>\n<span class=\"wpcf7-form-control-wrap\" data-name=\"your-message\"><textarea cols=\"40\" rows=\"10\" class=\"wpcf7-form-control wpcf7-textarea wpcf7-validates-as-required\" aria-required=\"true\" aria-invalid=\"false\" name=\"your-message\"><\/textarea><\/span> <\/label>\n<\/p>\n<p><label> C\u00e2nd s-a \u00eent\u00e2mplat incidentul?*<br \/>\n<span class=\"wpcf7-form-control-wrap\" data-name=\"date-of-event\"><input class=\"wpcf7-form-control wpcf7-date wpcf7-validates-as-required wpcf7-validates-as-date\" max=\"2026-04-04\" aria-required=\"true\" aria-invalid=\"false\" value=\"\" type=\"date\" name=\"date-of-event\" \/><\/span> <\/label>\n<\/p>\n<p><label> Atasament<br \/>\n<span class=\"wpcf7-form-control-wrap\" data-name=\"file-complaint\"><input size=\"40\" class=\"wpcf7-form-control wpcf7-file\" accept=\".pdf,.doc,.docx,.ppt,.pptx,.odt,.odp\" aria-invalid=\"false\" type=\"file\" name=\"file-complaint\" \/><\/span> <\/label>\n<\/p>\n<div class=\"file-upload-message\">\n\t<p>Pute\u021bi ata\u0219a un dosar pentru a sus\u021bine reclama\u021bia. Dimensiunea maxim\u0103 a fi\u0219ierului: 5 MB. Tipuri de fi\u0219iere acceptate:pdf,doc,docx,ppt,pptx,odt,odp,pdf\n\t<\/p>\n<\/div>\n<p><span class=\"wpcf7-form-control-wrap\" data-name=\"acceptance-pisti\"><span class=\"wpcf7-form-control wpcf7-acceptance\"><span class=\"wpcf7-list-item\"><label><input type=\"checkbox\" name=\"acceptance-pisti\" value=\"1\" aria-invalid=\"false\" \/><span class=\"wpcf7-list-item-label\">Declar c\u0103 aceast\u0103 pl\u00e2ngere a fost f\u0103cut\u0103 cu bun\u0103-credin\u021b\u0103.<\/span><\/label><\/span><\/span><\/span>\n<\/p>\n<p><span class=\"wpcf7-form-control-wrap\" data-name=\"acceptance-terms\"><span class=\"wpcf7-form-control wpcf7-acceptance\"><span class=\"wpcf7-list-item\"><label><input type=\"checkbox\" name=\"acceptance-terms\" value=\"1\" aria-invalid=\"false\" \/><span class=\"wpcf7-list-item-label\">le accept <a target=\"_blank\" href=\"https:\/\/www.cosmo-one.gr\/wp-content\/uploads\/2025\/07\/TERMS-AND-CONDITIONS.pdf\">termeni de utilizare<\/a> \u0219i <a target=\"_blank\" href=\"https:\/\/www.cosmo-one.gr\/wp-content\/uploads\/2023\/12\/Politiki-Prostasias-Proswpikwn-Dedomenwn-S1-Group.pdf\">politica de protectie a datelor<\/a>.<\/span><\/label><\/span><\/span><\/span>\n<\/p>\n<p><input class=\"wpcf7-form-control has-spinner wpcf7-submit\" type=\"submit\" value=\"Trimite\" \/>\n<\/p><div class=\"wpcf7-response-output\" aria-hidden=\"true\"><\/div>\n<\/form>\n<\/div>\n\n<p>[\/et_pb_text][\/et_pb_column][\/et_pb_row][\/et_pb_section]<\/p>\n","protected":false},"excerpt":{"rendered":"<p>Scopul acestei politici este de a gestiona reclama\u021biile legate de \u00eenc\u0103lcarea politicilor \u0219i procedurilor Companiei \u0219i a legisla\u021biei aplicabile (de exemplu, nerespectarea Codului de Etic\u0103, politici, situa\u021bii financiare, rela\u021bii de munc\u0103, abuzuri, discriminare, corup\u021bie, furt, bani). sp\u0103lare, orice ar putea d\u0103una reputa\u021biei companiei sau orice \u00eencercare de a acoperi cele de mai sus). \u00cen contextul [&hellip;]<\/p>\n","protected":false},"author":1,"featured_media":0,"parent":0,"menu_order":0,"comment_status":"closed","ping_status":"closed","template":"","meta":{"_et_pb_use_builder":"on","_et_pb_old_content":"","_et_gb_content_width":"","inline_featured_image":false,"footnotes":""},"class_list":["post-3281","page","type-page","status-publish","hentry"],"acf":[],"yoast_head":"<!-- This site is optimized with the Yoast SEO plugin v23.0 - https:\/\/yoast.com\/wordpress\/plugins\/seo\/ -->\n<title>Politica de gestionare a reclama\u021biilor \u0219i a reclama\u021biilor - ENTERSOFTONE ePROCUREMENT<\/title>\n<meta name=\"robots\" content=\"index, follow, max-snippet:-1, max-image-preview:large, max-video-preview:-1\" \/>\n<link rel=\"canonical\" href=\"https:\/\/www.cosmo-one.gr\/etairia\/etairiki-diakyvernisi\/complaint\/\" \/>\n<meta property=\"og:locale\" content=\"ro_RO\" \/>\n<meta property=\"og:type\" content=\"article\" \/>\n<meta property=\"og:title\" content=\"Politica de gestionare a reclama\u021biilor \u0219i a reclama\u021biilor - ENTERSOFTONE ePROCUREMENT\" \/>\n<meta property=\"og:description\" content=\"Scopul acestei politici este de a gestiona reclama\u021biile legate de \u00eenc\u0103lcarea politicilor \u0219i procedurilor Companiei \u0219i a legisla\u021biei aplicabile (de exemplu, nerespectarea Codului de Etic\u0103, politici, situa\u021bii financiare, rela\u021bii de munc\u0103, abuzuri, discriminare, corup\u021bie, furt, bani). sp\u0103lare, orice ar putea d\u0103una reputa\u021biei companiei sau orice \u00eencercare de a acoperi cele de mai sus). \u00cen contextul [&hellip;]\" \/>\n<meta property=\"og:url\" content=\"https:\/\/www.cosmo-one.gr\/etairia\/etairiki-diakyvernisi\/complaint\/\" \/>\n<meta property=\"og:site_name\" content=\"ENTERSOFTONE ePROCUREMENT\" \/>\n<meta property=\"article:modified_time\" content=\"2024-04-03T08:59:35+00:00\" \/>\n<meta name=\"twitter:card\" content=\"summary_large_image\" \/>\n<meta name=\"twitter:label1\" content=\"Timp estimat pentru citire\" \/>\n\t<meta name=\"twitter:data1\" content=\"5 minute\" \/>\n<script type=\"application\/ld+json\" class=\"yoast-schema-graph\">{\"@context\":\"https:\/\/schema.org\",\"@graph\":[{\"@type\":\"WebPage\",\"@id\":\"https:\/\/www.cosmo-one.gr\/etairia\/etairiki-diakyvernisi\/complaint\/\",\"url\":\"https:\/\/www.cosmo-one.gr\/etairia\/etairiki-diakyvernisi\/complaint\/\",\"name\":\"Politica de gestionare a reclama\u021biilor \u0219i a reclama\u021biilor - ENTERSOFTONE ePROCUREMENT\",\"isPartOf\":{\"@id\":\"https:\/\/www.cosmo-one.gr\/#website\"},\"datePublished\":\"2023-10-06T13:51:19+00:00\",\"dateModified\":\"2024-04-03T08:59:35+00:00\",\"breadcrumb\":{\"@id\":\"https:\/\/www.cosmo-one.gr\/etairia\/etairiki-diakyvernisi\/complaint\/#breadcrumb\"},\"inLanguage\":\"ro-RO\",\"potentialAction\":[{\"@type\":\"ReadAction\",\"target\":[\"https:\/\/www.cosmo-one.gr\/etairia\/etairiki-diakyvernisi\/complaint\/\"]}]},{\"@type\":\"BreadcrumbList\",\"@id\":\"https:\/\/www.cosmo-one.gr\/etairia\/etairiki-diakyvernisi\/complaint\/#breadcrumb\",\"itemListElement\":[{\"@type\":\"ListItem\",\"position\":1,\"name\":\"\u0391\u03c1\u03c7\u03b9\u03ba\u03ae\",\"item\":\"https:\/\/www.cosmo-one.gr\/ro\/\"},{\"@type\":\"ListItem\",\"position\":2,\"name\":\"Politica de gestionare a reclama\u021biilor \u0219i a reclama\u021biilor\"}]},{\"@type\":\"WebSite\",\"@id\":\"https:\/\/www.cosmo-one.gr\/#website\",\"url\":\"https:\/\/www.cosmo-one.gr\/\",\"name\":\"ENTERSOFTONE ePROCUREMENT\",\"description\":\"\u0395\u03c6\u03b1\u03c1\u03bc\u03bf\u03b3\u03ad\u03c2 \u0397\u03bb\u03b5\u03ba\u03c4\u03c1\u03bf\u03bd\u03b9\u03ba\u03ce\u03bd \u03a0\u03c1\u03bf\u03bc\u03b7\u03b8\u03b5\u03b9\u03ce\u03bd\",\"potentialAction\":[{\"@type\":\"SearchAction\",\"target\":{\"@type\":\"EntryPoint\",\"urlTemplate\":\"https:\/\/www.cosmo-one.gr\/?s={search_term_string}\"},\"query-input\":\"required name=search_term_string\"}],\"inLanguage\":\"ro-RO\"}]}<\/script>\n<!-- \/ Yoast SEO plugin. -->","yoast_head_json":{"title":"Politica de gestionare a reclama\u021biilor \u0219i a reclama\u021biilor - ENTERSOFTONE ePROCUREMENT","robots":{"index":"index","follow":"follow","max-snippet":"max-snippet:-1","max-image-preview":"max-image-preview:large","max-video-preview":"max-video-preview:-1"},"canonical":"https:\/\/www.cosmo-one.gr\/etairia\/etairiki-diakyvernisi\/complaint\/","og_locale":"ro_RO","og_type":"article","og_title":"Politica de gestionare a reclama\u021biilor \u0219i a reclama\u021biilor - ENTERSOFTONE ePROCUREMENT","og_description":"Scopul acestei politici este de a gestiona reclama\u021biile legate de \u00eenc\u0103lcarea politicilor \u0219i procedurilor Companiei \u0219i a legisla\u021biei aplicabile (de exemplu, nerespectarea Codului de Etic\u0103, politici, situa\u021bii financiare, rela\u021bii de munc\u0103, abuzuri, discriminare, corup\u021bie, furt, bani). sp\u0103lare, orice ar putea d\u0103una reputa\u021biei companiei sau orice \u00eencercare de a acoperi cele de mai sus). \u00cen contextul [&hellip;]","og_url":"https:\/\/www.cosmo-one.gr\/etairia\/etairiki-diakyvernisi\/complaint\/","og_site_name":"ENTERSOFTONE ePROCUREMENT","article_modified_time":"2024-04-03T08:59:35+00:00","twitter_card":"summary_large_image","twitter_misc":{"Timp estimat pentru citire":"5 minute"},"schema":{"@context":"https:\/\/schema.org","@graph":[{"@type":"WebPage","@id":"https:\/\/www.cosmo-one.gr\/etairia\/etairiki-diakyvernisi\/complaint\/","url":"https:\/\/www.cosmo-one.gr\/etairia\/etairiki-diakyvernisi\/complaint\/","name":"Politica de gestionare a reclama\u021biilor \u0219i a reclama\u021biilor - ENTERSOFTONE ePROCUREMENT","isPartOf":{"@id":"https:\/\/www.cosmo-one.gr\/#website"},"datePublished":"2023-10-06T13:51:19+00:00","dateModified":"2024-04-03T08:59:35+00:00","breadcrumb":{"@id":"https:\/\/www.cosmo-one.gr\/etairia\/etairiki-diakyvernisi\/complaint\/#breadcrumb"},"inLanguage":"ro-RO","potentialAction":[{"@type":"ReadAction","target":["https:\/\/www.cosmo-one.gr\/etairia\/etairiki-diakyvernisi\/complaint\/"]}]},{"@type":"BreadcrumbList","@id":"https:\/\/www.cosmo-one.gr\/etairia\/etairiki-diakyvernisi\/complaint\/#breadcrumb","itemListElement":[{"@type":"ListItem","position":1,"name":"\u0391\u03c1\u03c7\u03b9\u03ba\u03ae","item":"https:\/\/www.cosmo-one.gr\/ro\/"},{"@type":"ListItem","position":2,"name":"Politica de gestionare a reclama\u021biilor \u0219i a reclama\u021biilor"}]},{"@type":"WebSite","@id":"https:\/\/www.cosmo-one.gr\/#website","url":"https:\/\/www.cosmo-one.gr\/","name":"ENTERSOFTONE ePROCUREMENT","description":"\u0395\u03c6\u03b1\u03c1\u03bc\u03bf\u03b3\u03ad\u03c2 \u0397\u03bb\u03b5\u03ba\u03c4\u03c1\u03bf\u03bd\u03b9\u03ba\u03ce\u03bd \u03a0\u03c1\u03bf\u03bc\u03b7\u03b8\u03b5\u03b9\u03ce\u03bd","potentialAction":[{"@type":"SearchAction","target":{"@type":"EntryPoint","urlTemplate":"https:\/\/www.cosmo-one.gr\/?s={search_term_string}"},"query-input":"required name=search_term_string"}],"inLanguage":"ro-RO"}]}},"_links":{"self":[{"href":"https:\/\/www.cosmo-one.gr\/ro\/wp-json\/wp\/v2\/pages\/3281","targetHints":{"allow":["GET"]}}],"collection":[{"href":"https:\/\/www.cosmo-one.gr\/ro\/wp-json\/wp\/v2\/pages"}],"about":[{"href":"https:\/\/www.cosmo-one.gr\/ro\/wp-json\/wp\/v2\/types\/page"}],"author":[{"embeddable":true,"href":"https:\/\/www.cosmo-one.gr\/ro\/wp-json\/wp\/v2\/users\/1"}],"replies":[{"embeddable":true,"href":"https:\/\/www.cosmo-one.gr\/ro\/wp-json\/wp\/v2\/comments?post=3281"}],"version-history":[{"count":2,"href":"https:\/\/www.cosmo-one.gr\/ro\/wp-json\/wp\/v2\/pages\/3281\/revisions"}],"predecessor-version":[{"id":3283,"href":"https:\/\/www.cosmo-one.gr\/ro\/wp-json\/wp\/v2\/pages\/3281\/revisions\/3283"}],"wp:attachment":[{"href":"https:\/\/www.cosmo-one.gr\/ro\/wp-json\/wp\/v2\/media?parent=3281"}],"curies":[{"name":"wp","href":"https:\/\/api.w.org\/{rel}","templated":true}]}}