{"id":3267,"date":"2023-07-21T17:17:30","date_gmt":"2023-07-21T14:17:30","guid":{"rendered":"https:\/\/www.cosmo-one.gr\/conectare\/"},"modified":"2024-05-16T14:37:09","modified_gmt":"2024-05-16T11:37:09","slug":"conectare","status":"publish","type":"page","link":"https:\/\/www.cosmo-one.gr\/ro\/conectare\/","title":{"rendered":"Conectare la aplica\u021bii"},"content":{"rendered":"<p>[et_pb_section fb_built=&#8221;1&#8243; module_class=&#8221;page-top-header-section&#8221; _builder_version=&#8221;4.21.0&#8243; _module_preset=&#8221;default&#8221; use_background_color_gradient=&#8221;on&#8221; background_color_gradient_direction=&#8221;90deg&#8221; background_color_gradient_stops=&#8221;#ffffff 37%|rgba(0,0,0,0) 70%&#8221; background_color_gradient_overlays_image=&#8221;on&#8221; background_image=&#8221;https:\/\/www.cosmo-one.gr\/wp-content\/uploads\/2023\/10\/login-top.jpg&#8221; custom_padding=&#8221;200px||200px||true|false&#8221; global_colors_info=&#8221;{}&#8221;][et_pb_row _builder_version=&#8221;4.21.0&#8243; _module_preset=&#8221;default&#8221; global_colors_info=&#8221;{}&#8221;][et_pb_column type=&#8221;4_4&#8243; _builder_version=&#8221;4.21.0&#8243; _module_preset=&#8221;default&#8221; global_colors_info=&#8221;{}&#8221;][et_pb_post_title meta=&#8221;off&#8221; featured_image=&#8221;off&#8221; _builder_version=&#8221;4.21.0&#8243; _module_preset=&#8221;default&#8221; title_font=&#8221;|700|||||||&#8221; title_text_align=&#8221;left&#8221; title_text_color=&#8221;gcid-7c20a8c8-2b56-4ca5-b656-f0a2c8868597&#8243; title_font_size=&#8221;32px&#8221; global_module=&#8221;72&#8243; saved_tabs=&#8221;all&#8221; global_colors_info=&#8221;{%22gcid-7c20a8c8-2b56-4ca5-b656-f0a2c8868597%22:%91%22title_text_color%22%93}&#8221;][\/et_pb_post_title][\/et_pb_column][\/et_pb_row][\/et_pb_section][et_pb_section fb_built=&#8221;1&#8243; _builder_version=&#8221;4.21.0&#8243; _module_preset=&#8221;default&#8221; global_colors_info=&#8221;{}&#8221;][et_pb_row column_structure=&#8221;1_3,1_3,1_3&#8243; use_custom_gutter=&#8221;on&#8221; gutter_width=&#8221;2&#8243; make_equal=&#8221;on&#8221; module_class=&#8221;login-page-buttons-row&#8221; _builder_version=&#8221;4.21.0&#8243; _module_preset=&#8221;default&#8221; global_colors_info=&#8221;{}&#8221;][et_pb_column type=&#8221;1_3&#8243; _builder_version=&#8221;4.21.0&#8243; _module_preset=&#8221;default&#8221; background_color=&#8221;#f5f5f5&#8243; custom_padding=&#8221;20px|25px|20px|25px|true|true&#8221; global_colors_info=&#8221;{}&#8221;][et_pb_blurb title=&#8221;Marketsite&#8221; use_icon=&#8221;on&#8221; font_icon=&#8221;&#xf109;||fa||900&#8243; image_icon_width=&#8221;56px&#8221; icon_alignment=&#8221;left&#8221; module_class=&#8221;blurb-descr-text&#8221; _builder_version=&#8221;4.21.0&#8243; _module_preset=&#8221;default&#8221; header_text_align=&#8221;left&#8221; body_text_align=&#8221;left&#8221; global_colors_info=&#8221;{}&#8221;]<\/p>\n<p>1. Utilizatorii aplica\u021biilor de cereri de oferte electronice sourceONE (RFx-tender)<\/p>\n<p>2. Organizatori \u0219i participan\u021bi la licita\u021bii electronice<\/p>\n<p>3. Furnizori \u00een cadrul aplica\u021biei de achizi\u021bii publice electronice<\/p>\n<p>[\/et_pb_blurb][et_pb_button button_url=&#8221;https:\/\/www.marketsite.gr\/&#8221; button_text=&#8221;Conectare \/ Login&#8221; _builder_version=&#8221;4.21.0&#8243; _module_preset=&#8221;default&#8221; global_colors_info=&#8221;{}&#8221;][\/et_pb_button][\/et_pb_column][et_pb_column type=&#8221;1_3&#8243; _builder_version=&#8221;4.21.0&#8243; _module_preset=&#8221;default&#8221; background_color=&#8221;#f5f5f5&#8243; custom_padding=&#8221;20px|25px|20px|25px|true|true&#8221; global_colors_info=&#8221;{}&#8221;][et_pb_blurb title=&#8221;Buysite&#8221; use_icon=&#8221;on&#8221; font_icon=&#8221;&#xf217;||fa||900&#8243; image_icon_width=&#8221;56px&#8221; icon_alignment=&#8221;left&#8221; module_class=&#8221;blurb-descr-text&#8221; _builder_version=&#8221;4.21.0&#8243; _module_preset=&#8221;default&#8221; header_text_align=&#8221;left&#8221; body_text_align=&#8221;left&#8221; hover_enabled=&#8221;0&#8243; global_colors_info=&#8221;{}&#8221; sticky_enabled=&#8221;0&#8243;]Cump\u0103r\u0103tori \u00een cadrul aplica\u021biei de achizi\u021bii <span class=\"title-mobile-block\">publice electronice.<\/span>[\/et_pb_blurb][et_pb_button button_url=&#8221;https:\/\/buysite.marketsite.gr\/Procurement\/WebDriver?ACT=Login&amp;EID=2&#8243; button_text=&#8221;Conectare \/ Login&#8221; _builder_version=&#8221;4.21.0&#8243; _module_preset=&#8221;default&#8221; global_colors_info=&#8221;{}&#8221;][\/et_pb_button][\/et_pb_column][et_pb_column type=&#8221;1_3&#8243; _builder_version=&#8221;4.21.0&#8243; _module_preset=&#8221;default&#8221; background_color=&#8221;#f5f5f5&#8243; custom_padding=&#8221;20px|25px|20px|25px|true|true&#8221; global_colors_info=&#8221;{}&#8221;][et_pb_blurb title=&#8221;\u00cenregistrare&#8221; use_icon=&#8221;on&#8221; font_icon=&#8221;&#xf4fc;||fa||900&#8243; image_icon_width=&#8221;56px&#8221; icon_alignment=&#8221;left&#8221; module_class=&#8221;blurb-descr-text&#8221; _builder_version=&#8221;4.21.0&#8243; _module_preset=&#8221;default&#8221; header_text_align=&#8221;left&#8221; body_text_align=&#8221;left&#8221; global_colors_info=&#8221;{}&#8221;]<\/p>\n<p>Dac\u0103 dore\u0219ti s\u0103 te abonezi la aplica\u021biile cosmoONE, f\u0103 clic pe linkul de mai jos.<\/p>\n<p>[\/et_pb_blurb][et_pb_button button_url=&#8221;https:\/\/www.marketsite.gr\/&#8221; button_text=&#8221;Conectare \/ Login&#8221; _builder_version=&#8221;4.21.0&#8243; _module_preset=&#8221;default&#8221; global_colors_info=&#8221;{}&#8221;][\/et_pb_button][\/et_pb_column][\/et_pb_row][\/et_pb_section][et_pb_section fb_built=&#8221;1&#8243; _builder_version=&#8221;4.21.0&#8243; _module_preset=&#8221;default&#8221; background_color=&#8221;#000000&#8243; background_enable_color=&#8221;off&#8221; background_enable_image=&#8221;off&#8221; background_size=&#8221;contain&#8221; background_position=&#8221;bottom_left&#8221; background_horizontal_offset=&#8221;7%&#8221; custom_padding=&#8221;20px||20px||true|false&#8221; global_module=&#8221;309&#8243; saved_tabs=&#8221;all&#8221; global_colors_info=&#8221;{%22gcid-7c20a8c8-2b56-4ca5-b656-f0a2c8868597%22:%91%22background_color%22%93}&#8221;][et_pb_row make_equal=&#8221;on&#8221; _builder_version=&#8221;4.21.0&#8243; _module_preset=&#8221;default&#8221; custom_padding=&#8221;0px||0px||false|false&#8221; custom_css_main_element=&#8221;align-items: center;&#8221; global_colors_info=&#8221;{}&#8221;][et_pb_column type=&#8221;4_4&#8243; _builder_version=&#8221;4.21.0&#8243; _module_preset=&#8221;default&#8221; global_colors_info=&#8221;{}&#8221;][et_pb_button button_url=&#8221;https:\/\/www.cosmo-one.gr\/ro\/solicitati-o-prezentare\/&#8221; button_text=&#8221;Solicita\u021bi o prezentare&#8221; button_alignment=&#8221;center&#8221; _builder_version=&#8221;4.21.0&#8243; _module_preset=&#8221;default&#8221; custom_button=&#8221;on&#8221; button_text_size=&#8221;20px&#8221; button_bg_color=&#8221;#2bb3d5&#8243; button_border_width=&#8221;0px&#8221; button_border_color=&#8221;#000000&#8243; button_border_radius=&#8221;0px&#8221; button_use_icon=&#8221;off&#8221; custom_margin=&#8221;||60px|||&#8221; global_colors_info=&#8221;{}&#8221; button_text_color__hover_enabled=&#8221;on|hover&#8221; button_text_color__hover=&#8221;#FFFFFF&#8221; button_bg_color__hover_enabled=&#8221;on|desktop&#8221; button_bg_color__hover=&#8221;#000000&#8243; button_bg_enable_color__hover=&#8221;on&#8221; button_border_color__hover_enabled=&#8221;on|hover&#8221; button_border_color__hover=&#8221;#000000&#8243;][\/et_pb_button][\/et_pb_column][\/et_pb_row][\/et_pb_section]<\/p>\n","protected":false},"excerpt":{"rendered":"<p>1. Utilizatorii aplica\u021biilor de cereri de oferte electronice sourceONE (RFx-tender) 2. Organizatori \u0219i participan\u021bi la licita\u021bii electronice 3. Furnizori \u00een cadrul aplica\u021biei de achizi\u021bii publice electroniceCump\u0103r\u0103tori \u00een cadrul aplica\u021biei de achizi\u021bii publice electronice.Dac\u0103 dore\u0219ti s\u0103 te abonezi la aplica\u021biile cosmoONE, f\u0103 clic pe linkul de mai jos.<\/p>\n","protected":false},"author":1,"featured_media":0,"parent":0,"menu_order":0,"comment_status":"closed","ping_status":"closed","template":"","meta":{"_et_pb_use_builder":"on","_et_pb_old_content":"","_et_gb_content_width":"","inline_featured_image":false,"footnotes":""},"class_list":["post-3267","page","type-page","status-publish","hentry"],"acf":[],"yoast_head":"<!-- This site is optimized with the Yoast SEO plugin v23.0 - https:\/\/yoast.com\/wordpress\/plugins\/seo\/ -->\n<title>Conectare la aplica\u021bii - ENTERSOFTONE ePROCUREMENT<\/title>\n<meta name=\"robots\" content=\"index, follow, max-snippet:-1, max-image-preview:large, max-video-preview:-1\" \/>\n<link rel=\"canonical\" href=\"https:\/\/www.cosmo-one.gr\/login\/\" \/>\n<meta property=\"og:locale\" content=\"ro_RO\" \/>\n<meta property=\"og:type\" content=\"article\" \/>\n<meta property=\"og:title\" content=\"Conectare la aplica\u021bii - ENTERSOFTONE ePROCUREMENT\" \/>\n<meta property=\"og:description\" content=\"1. Utilizatorii aplica\u021biilor de cereri de oferte electronice sourceONE (RFx-tender) 2. Organizatori \u0219i participan\u021bi la licita\u021bii electronice 3. Furnizori \u00een cadrul aplica\u021biei de achizi\u021bii publice electroniceCump\u0103r\u0103tori \u00een cadrul aplica\u021biei de achizi\u021bii publice electronice.Dac\u0103 dore\u0219ti s\u0103 te abonezi la aplica\u021biile cosmoONE, f\u0103 clic pe linkul de mai jos.\" \/>\n<meta property=\"og:url\" content=\"https:\/\/www.cosmo-one.gr\/login\/\" \/>\n<meta property=\"og:site_name\" content=\"ENTERSOFTONE ePROCUREMENT\" \/>\n<meta property=\"article:modified_time\" content=\"2024-05-16T11:37:09+00:00\" \/>\n<meta name=\"twitter:card\" content=\"summary_large_image\" \/>\n<meta name=\"twitter:label1\" content=\"Timp estimat pentru citire\" \/>\n\t<meta name=\"twitter:data1\" content=\"4 minute\" \/>\n<script type=\"application\/ld+json\" class=\"yoast-schema-graph\">{\"@context\":\"https:\/\/schema.org\",\"@graph\":[{\"@type\":\"WebPage\",\"@id\":\"https:\/\/www.cosmo-one.gr\/login\/\",\"url\":\"https:\/\/www.cosmo-one.gr\/login\/\",\"name\":\"Conectare la aplica\u021bii - ENTERSOFTONE ePROCUREMENT\",\"isPartOf\":{\"@id\":\"https:\/\/www.cosmo-one.gr\/#website\"},\"datePublished\":\"2023-07-21T14:17:30+00:00\",\"dateModified\":\"2024-05-16T11:37:09+00:00\",\"breadcrumb\":{\"@id\":\"https:\/\/www.cosmo-one.gr\/login\/#breadcrumb\"},\"inLanguage\":\"ro-RO\",\"potentialAction\":[{\"@type\":\"ReadAction\",\"target\":[\"https:\/\/www.cosmo-one.gr\/login\/\"]}]},{\"@type\":\"BreadcrumbList\",\"@id\":\"https:\/\/www.cosmo-one.gr\/login\/#breadcrumb\",\"itemListElement\":[{\"@type\":\"ListItem\",\"position\":1,\"name\":\"\u0391\u03c1\u03c7\u03b9\u03ba\u03ae\",\"item\":\"https:\/\/www.cosmo-one.gr\/ro\/\"},{\"@type\":\"ListItem\",\"position\":2,\"name\":\"Conectare la aplica\u021bii\"}]},{\"@type\":\"WebSite\",\"@id\":\"https:\/\/www.cosmo-one.gr\/#website\",\"url\":\"https:\/\/www.cosmo-one.gr\/\",\"name\":\"ENTERSOFTONE ePROCUREMENT\",\"description\":\"\u0395\u03c6\u03b1\u03c1\u03bc\u03bf\u03b3\u03ad\u03c2 \u0397\u03bb\u03b5\u03ba\u03c4\u03c1\u03bf\u03bd\u03b9\u03ba\u03ce\u03bd \u03a0\u03c1\u03bf\u03bc\u03b7\u03b8\u03b5\u03b9\u03ce\u03bd\",\"potentialAction\":[{\"@type\":\"SearchAction\",\"target\":{\"@type\":\"EntryPoint\",\"urlTemplate\":\"https:\/\/www.cosmo-one.gr\/?s={search_term_string}\"},\"query-input\":\"required name=search_term_string\"}],\"inLanguage\":\"ro-RO\"}]}<\/script>\n<!-- \/ Yoast SEO plugin. -->","yoast_head_json":{"title":"Conectare la aplica\u021bii - ENTERSOFTONE ePROCUREMENT","robots":{"index":"index","follow":"follow","max-snippet":"max-snippet:-1","max-image-preview":"max-image-preview:large","max-video-preview":"max-video-preview:-1"},"canonical":"https:\/\/www.cosmo-one.gr\/login\/","og_locale":"ro_RO","og_type":"article","og_title":"Conectare la aplica\u021bii - ENTERSOFTONE ePROCUREMENT","og_description":"1. Utilizatorii aplica\u021biilor de cereri de oferte electronice sourceONE (RFx-tender) 2. Organizatori \u0219i participan\u021bi la licita\u021bii electronice 3. Furnizori \u00een cadrul aplica\u021biei de achizi\u021bii publice electroniceCump\u0103r\u0103tori \u00een cadrul aplica\u021biei de achizi\u021bii publice electronice.Dac\u0103 dore\u0219ti s\u0103 te abonezi la aplica\u021biile cosmoONE, f\u0103 clic pe linkul de mai jos.","og_url":"https:\/\/www.cosmo-one.gr\/login\/","og_site_name":"ENTERSOFTONE ePROCUREMENT","article_modified_time":"2024-05-16T11:37:09+00:00","twitter_card":"summary_large_image","twitter_misc":{"Timp estimat pentru citire":"4 minute"},"schema":{"@context":"https:\/\/schema.org","@graph":[{"@type":"WebPage","@id":"https:\/\/www.cosmo-one.gr\/login\/","url":"https:\/\/www.cosmo-one.gr\/login\/","name":"Conectare la aplica\u021bii - ENTERSOFTONE ePROCUREMENT","isPartOf":{"@id":"https:\/\/www.cosmo-one.gr\/#website"},"datePublished":"2023-07-21T14:17:30+00:00","dateModified":"2024-05-16T11:37:09+00:00","breadcrumb":{"@id":"https:\/\/www.cosmo-one.gr\/login\/#breadcrumb"},"inLanguage":"ro-RO","potentialAction":[{"@type":"ReadAction","target":["https:\/\/www.cosmo-one.gr\/login\/"]}]},{"@type":"BreadcrumbList","@id":"https:\/\/www.cosmo-one.gr\/login\/#breadcrumb","itemListElement":[{"@type":"ListItem","position":1,"name":"\u0391\u03c1\u03c7\u03b9\u03ba\u03ae","item":"https:\/\/www.cosmo-one.gr\/ro\/"},{"@type":"ListItem","position":2,"name":"Conectare la aplica\u021bii"}]},{"@type":"WebSite","@id":"https:\/\/www.cosmo-one.gr\/#website","url":"https:\/\/www.cosmo-one.gr\/","name":"ENTERSOFTONE ePROCUREMENT","description":"\u0395\u03c6\u03b1\u03c1\u03bc\u03bf\u03b3\u03ad\u03c2 \u0397\u03bb\u03b5\u03ba\u03c4\u03c1\u03bf\u03bd\u03b9\u03ba\u03ce\u03bd \u03a0\u03c1\u03bf\u03bc\u03b7\u03b8\u03b5\u03b9\u03ce\u03bd","potentialAction":[{"@type":"SearchAction","target":{"@type":"EntryPoint","urlTemplate":"https:\/\/www.cosmo-one.gr\/?s={search_term_string}"},"query-input":"required name=search_term_string"}],"inLanguage":"ro-RO"}]}},"_links":{"self":[{"href":"https:\/\/www.cosmo-one.gr\/ro\/wp-json\/wp\/v2\/pages\/3267","targetHints":{"allow":["GET"]}}],"collection":[{"href":"https:\/\/www.cosmo-one.gr\/ro\/wp-json\/wp\/v2\/pages"}],"about":[{"href":"https:\/\/www.cosmo-one.gr\/ro\/wp-json\/wp\/v2\/types\/page"}],"author":[{"embeddable":true,"href":"https:\/\/www.cosmo-one.gr\/ro\/wp-json\/wp\/v2\/users\/1"}],"replies":[{"embeddable":true,"href":"https:\/\/www.cosmo-one.gr\/ro\/wp-json\/wp\/v2\/comments?post=3267"}],"version-history":[{"count":5,"href":"https:\/\/www.cosmo-one.gr\/ro\/wp-json\/wp\/v2\/pages\/3267\/revisions"}],"predecessor-version":[{"id":4241,"href":"https:\/\/www.cosmo-one.gr\/ro\/wp-json\/wp\/v2\/pages\/3267\/revisions\/4241"}],"wp:attachment":[{"href":"https:\/\/www.cosmo-one.gr\/ro\/wp-json\/wp\/v2\/media?parent=3267"}],"curies":[{"name":"wp","href":"https:\/\/api.w.org\/{rel}","templated":true}]}}